{"id":56279,"date":"2020-08-09T10:22:48","date_gmt":"2020-08-09T14:22:48","guid":{"rendered":"https:\/\/cursosec.unit.la\/index.php\/register\/"},"modified":"2020-08-21T11:47:06","modified_gmt":"2020-08-21T15:47:06","slug":"register","status":"publish","type":"page","link":"https:\/\/cursosec.unit.la\/index.php\/register\/","title":{"rendered":"Registro"},"content":{"rendered":"<p>[et_pb_section fb_built=&#8221;1&#8243; _builder_version=&#8221;4.3.2&#8243; hover_enabled=&#8221;0&#8243; border_width_left=&#8221;0px&#8221; custom_padding=&#8221;0vw||0vw||true|false&#8221;][et_pb_row _builder_version=&#8221;4.3.2&#8243;][et_pb_column _builder_version=&#8221;4.3.2&#8243; type=&#8221;4_4&#8243;][et_pb_text _builder_version=&#8221;4.3.2&#8243; hover_enabled=&#8221;0&#8243;]<\/p>\n<h1 style=\"text-align: center;\">Curso e-commerce<\/h1>\n<h4 style=\"text-align: center;\">Formulario de Inscripci\u00f3n<\/h4>\n<p>[\/et_pb_text][\/et_pb_column][\/et_pb_row][et_pb_row _builder_version=&#8221;3.25&#8243; background_size=&#8221;initial&#8221; background_position=&#8221;top_left&#8221; background_repeat=&#8221;repeat&#8221;][et_pb_column type=&#8221;4_4&#8243; _builder_version=&#8221;3.25&#8243; custom_padding=&#8221;|||&#8221; custom_padding__hover=&#8221;|||&#8221;][et_pb_text _builder_version=&#8221;4.3.2&#8243; background_size=&#8221;initial&#8221; background_position=&#8221;top_left&#8221; background_repeat=&#8221;repeat&#8221; hover_enabled=&#8221;0&#8243;]\r\n<div class=\"um um-register um-56273\">\r\n\r\n\t<div class=\"um-form\" data-mode=\"register\">\r\n\r\n\t\t<form method=\"post\" action=\"\">\r\n\r\n\t\t\t<div class=\"um-row _um_row_1 \" style=\"padding: 0px 0px 0px 0px;margin: 0px 0px 0px 0px;border-width: 0px 0px 0px 0px;border-style: solid;border-radius: 0px;\"><div class=\"um-col-121\"><div  id=\"um_field_56273_user_login\" class=\"um-field um-field-text  um-field-user_login um-field-text um-field-type_text\" data-key=\"user_login\"><div class=\"um-field-label\"><label for=\"user_login-56273\">Nombre de usuario<\/label><div class=\"um-clear\"><\/div><\/div><div class=\"um-field-area\"><input  autocomplete=\"off\" class=\"um-form-field valid \" type=\"text\" name=\"user_login-56273\" id=\"user_login-56273\" value=\"\" placeholder=\"\" data-validate=\"unique_username\" data-key=\"user_login\" \/>\r\n\r\n\t\t\t\t\t\t<\/div><\/div><div  id=\"um_field_56273_user_password\" class=\"um-field um-field-password  um-field-user_password um-field-password um-field-type_password\" data-key=\"user_password\"><div class=\"um-field-label\"><label for=\"user_password-56273\">Contrase\u00f1a<\/label><div class=\"um-clear\"><\/div><\/div><div class=\"um-field-area\"><input class=\"um-form-field valid \" type=\"password\" name=\"user_password-56273\" id=\"user_password-56273\" value=\"\" placeholder=\"\" data-validate=\"\" data-key=\"user_password\" \/>\r\n\r\n\t\t\t\t\t\t<\/div><\/div><div  id=\"um_field_56273_first_name\" class=\"um-field um-field-text  um-field-first_name um-field-text um-field-type_text\" data-key=\"first_name\"><div class=\"um-field-label\"><label for=\"first_name-56273\">Nombres<\/label><div class=\"um-clear\"><\/div><\/div><div class=\"um-field-area\"><input  autocomplete=\"off\" class=\"um-form-field valid not-required \" type=\"text\" name=\"first_name-56273\" id=\"first_name-56273\" value=\"\" placeholder=\"\" data-validate=\"\" data-key=\"first_name\" \/>\r\n\r\n\t\t\t\t\t\t<\/div><\/div><div  id=\"um_field_56273_last_name\" class=\"um-field um-field-text  um-field-last_name um-field-text um-field-type_text\" data-key=\"last_name\"><div class=\"um-field-label\"><label for=\"last_name-56273\">Apellidos<\/label><div class=\"um-clear\"><\/div><\/div><div class=\"um-field-area\"><input  autocomplete=\"off\" class=\"um-form-field valid not-required \" type=\"text\" name=\"last_name-56273\" id=\"last_name-56273\" value=\"\" placeholder=\"\" data-validate=\"\" data-key=\"last_name\" \/>\r\n\r\n\t\t\t\t\t\t<\/div><\/div><div  id=\"um_field_56273_gender\" class=\"um-field um-field-radio  um-field-gender um-field-radio um-field-type_radio\" data-key=\"gender\"><div class=\"um-field-label\"><label for=\"gender-56273\">G\u00e9nero<\/label><div class=\"um-clear\"><\/div><\/div><div class=\"um-field-area\"><label class=\"um-field-radio  um-field-half \"><input   type=\"radio\" name=\"gender[]\" value=\"Masculino\"  \/><span class=\"um-field-radio-state\"><i class=\"um-icon-android-radio-button-off\"><\/i><\/span><span class=\"um-field-radio-option\">Masculino<\/span><\/label><label class=\"um-field-radio  um-field-half right\"><input   type=\"radio\" name=\"gender[]\" value=\"Femenino\"  \/><span class=\"um-field-radio-state\"><i class=\"um-icon-android-radio-button-off\"><\/i><\/span><span class=\"um-field-radio-option\">Femenino<\/span><\/label><div class=\"um-clear\"><\/div><div class=\"um-clear\"><\/div><\/div><\/div><div  id=\"um_field_56273_birth_date\" class=\"um-field um-field-date  um-field-birth_date um-field-date um-field-type_date\" data-key=\"birth_date\"><div class=\"um-field-label\"><div class=\"um-field-label-icon\"><i class=\"um-faicon-calendar\" aria-label=\"Fecha de nacimiento\"><\/i><\/div><label for=\"birth_date-56273\">Fecha de nacimiento<\/label><div class=\"um-clear\"><\/div><\/div><div class=\"um-field-area\"><input    class=\"um-form-field valid um-datepicker \" type=\"text\" name=\"birth_date-56273\" id=\"birth_date-56273\" value=\"\" placeholder=\"\" data-validate=\"\" data-key=\"birth_date\" data-range=\"years\" data-years=\"115\" data-years_x=\"past\" data-disabled_weekdays=\"\" data-date_min=\"1911,5,08\" data-date_max=\"2026,5,08\" data-format=\"d mmm yyyy\" data-value=\"\" \/>\r\n\r\n\t\t\t\t\t\t<\/div><\/div><div  id=\"um_field_56273_rut\" class=\"um-field um-field-text  um-field-rut um-field-text um-field-type_text\" data-key=\"rut\"><div class=\"um-field-label\"><label for=\"rut-56273\">RUT<\/label><div class=\"um-clear\"><\/div><\/div><div class=\"um-field-area\"><input  autocomplete=\"off\" class=\"um-form-field valid \" type=\"text\" name=\"rut-56273\" id=\"rut-56273\" value=\"\" placeholder=\"\" data-validate=\"\" data-key=\"rut\" \/>\r\n\r\n\t\t\t\t\t\t<\/div><\/div><div  id=\"um_field_56273_region\" class=\"um-field um-field-select  um-field-region um-field-select um-field-type_select\" data-key=\"region\"><div class=\"um-field-label\"><label for=\"region-56273\">Regi\u00f3n<\/label><div class=\"um-clear\"><\/div><\/div><div class=\"um-field-area  \"><select data-default=\"\"     name=\"region\" id=\"region\" data-validate=\"\" data-key=\"region\" class=\"um-form-field valid not-required um-s1 \" style=\"width: 100%\" data-placeholder=\"\" ><option value=\"\"><\/option><option value=\"Regi\u00f3n de Arica y Parinacota.\" >Regi\u00f3n de Arica y Parinacota.<\/option><option value=\"Regi\u00f3n de Tarapac\u00e1.\" >Regi\u00f3n de Tarapac\u00e1.<\/option><option value=\"Regi\u00f3n de Antofagasta.\" >Regi\u00f3n de Antofagasta.<\/option><option value=\"Regi\u00f3n de Atacama.\" >Regi\u00f3n de Atacama.<\/option><option value=\"Regi\u00f3n de Coquimbo.\" >Regi\u00f3n de Coquimbo.<\/option><option value=\"Regi\u00f3n de Valpara\u00edso.\" >Regi\u00f3n de Valpara\u00edso.<\/option><option value=\"Regi\u00f3n Metropolitana de Santiago.\" >Regi\u00f3n Metropolitana de Santiago.<\/option><option value=\"Regi\u00f3n del Libertador General Bernardo O\u2019Higgins.\" >Regi\u00f3n del Libertador General Bernardo O\u2019Higgins.<\/option><option value=\"Regi\u00f3n del Maule.\" >Regi\u00f3n del Maule.<\/option><option value=\"Regi\u00f3n del \u00d1uble.\" >Regi\u00f3n del \u00d1uble.<\/option><option value=\"Regi\u00f3n del Biob\u00edo.\" >Regi\u00f3n del Biob\u00edo.<\/option><option value=\"Regi\u00f3n de La Araucan\u00eda.\" >Regi\u00f3n de La Araucan\u00eda.<\/option><option value=\"Regi\u00f3n de Los R\u00edos.\" >Regi\u00f3n de Los R\u00edos.<\/option><option value=\"Regi\u00f3n de Los Lagos.\" >Regi\u00f3n de Los Lagos.<\/option><option value=\"Regi\u00f3n de Ays\u00e9n del General Carlos Ib\u00e1\u00f1ez del Campo.\" >Regi\u00f3n de Ays\u00e9n del General Carlos Ib\u00e1\u00f1ez del Campo.<\/option><option value=\"Regi\u00f3n de Magallanes y la Ant\u00e1rtica Chilena.\" >Regi\u00f3n de Magallanes y la Ant\u00e1rtica Chilena.<\/option><\/select><\/div><\/div><div  id=\"um_field_56273_user_email\" class=\"um-field um-field-text  um-field-user_email um-field-text um-field-type_text\" data-key=\"user_email\"><div class=\"um-field-label\"><label for=\"user_email-56273\">Correo electr\u00f3nico<\/label><div class=\"um-clear\"><\/div><\/div><div class=\"um-field-area\"><input  autocomplete=\"off\" class=\"um-form-field valid not-required \" type=\"text\" name=\"user_email-56273\" id=\"user_email-56273\" value=\"\" placeholder=\"\" data-validate=\"unique_email\" data-key=\"user_email\" \/>\r\n\r\n\t\t\t\t\t\t<\/div><\/div><div  id=\"um_field_56273_mobile_number\" class=\"um-field um-field-text  um-field-mobile_number um-field-text um-field-type_text\" data-key=\"mobile_number\"><div class=\"um-field-label\"><div class=\"um-field-label-icon\"><i class=\"um-faicon-mobile\" aria-label=\"N\u00famero de m\u00f3vil\"><\/i><\/div><label for=\"mobile_number-56273\">N\u00famero de m\u00f3vil<\/label><div class=\"um-clear\"><\/div><\/div><div class=\"um-field-area\"><input  autocomplete=\"off\" class=\"um-form-field valid \" type=\"text\" name=\"mobile_number-56273\" id=\"mobile_number-56273\" value=\"\" placeholder=\"\" data-validate=\"phone_number\" data-key=\"mobile_number\" \/>\r\n\r\n\t\t\t\t\t\t<\/div><\/div><\/div><div class=\"um-col-122\"><div  id=\"um_field_56273_um_block_56273_16\" class=\"um-field um-field-block  um-field-um_block_56273_16 um-field-block um-field-type_block\" data-key=\"um_block_56273_16\"><strong>SECTORES CON CREATIVOS CON LOS QUE TRABAJA O HA TRABAJADO. SELECCIONES TODAS LAS QUE CONSIDERE PERTINENTES.<\/strong><\/div><div  id=\"um_field_56273_sectores\" class=\"um-field um-field-multiselect  um-field-sectores um-field-multiselect um-field-type_multiselect\" data-key=\"sectores\"><div class=\"um-field-label\"><label for=\"sectores-56273\">Sectores<\/label><div class=\"um-clear\"><\/div><\/div><div class=\"um-field-area  \"><select   multiple=\"multiple\" name=\"sectores[]\" id=\"sectores\" data-maxsize=\"0\" data-validate=\"\" data-key=\"sectores\" class=\"um-form-field valid not-required um-s1  um-user-keyword_0\" style=\"width: 100%\" data-placeholder=\"\"><option value=\"\"><\/option><option value=\"Artes Visuales\" >Artes Visuales<\/option><option value=\"Artes Esc\u00e9nicas\" >Artes Esc\u00e9nicas<\/option><option value=\"M\u00fasica\" >M\u00fasica<\/option><option value=\"Libro y Editorial\" >Libro y Editorial<\/option><option value=\"Audiovisual\" >Audiovisual<\/option><option value=\"Artesan\u00edas\" >Artesan\u00edas<\/option><option value=\"Dise\u00f1o\" >Dise\u00f1o<\/option><option value=\"Arquitectura.\" >Arquitectura.<\/option><\/select><\/div><\/div><div  id=\"um_field_56273_um_block_56273_16_17\" class=\"um-field um-field-block  um-field-um_block_56273_16_17 um-field-block um-field-type_block\" data-key=\"um_block_56273_16_17\"><strong>En cu\u00e1les de los siguientes \u00e1mbitos de la cadena de valor cultural se desempe\u00f1a. Seleccione las tres principales:<\/strong><\/div><div  id=\"um_field_56273_sectores_19\" class=\"um-field um-field-multiselect  um-field-sectores_19 um-field-multiselect um-field-type_multiselect\" data-key=\"sectores_19\"><div class=\"um-field-label\"><label for=\"sectores_19-56273\">Seleccione<\/label><div class=\"um-clear\"><\/div><\/div><div class=\"um-field-area  \"><select   multiple=\"multiple\" name=\"sectores_19[]\" id=\"sectores_19\" data-maxsize=\"0\" data-validate=\"\" data-key=\"sectores_19\" class=\"um-form-field valid not-required um-s1  um-user-keyword_0\" style=\"width: 100%\" data-placeholder=\"\"><option value=\"\"><\/option><option value=\"Creaci\u00f3n de obras\" >Creaci\u00f3n de obras<\/option><option value=\"Producci\u00f3n\" >Producci\u00f3n<\/option><option value=\"Difusi\u00f3n\/Exhibici\u00f3n\" >Difusi\u00f3n\/Exhibici\u00f3n<\/option><option value=\"Intercambio y\/o comercializaci\u00f3n nacional.\" >Intercambio y\/o comercializaci\u00f3n nacional.<\/option><option value=\"Intercambio y\/o comercializaci\u00f3n internacional.\" >Intercambio y\/o comercializaci\u00f3n internacional.<\/option><\/select><\/div><\/div><div  id=\"um_field_56273_personalidad\" class=\"um-field um-field-radio  um-field-personalidad um-field-radio um-field-type_radio\" data-key=\"personalidad\"><div class=\"um-field-label\"><label for=\"personalidad-56273\">\u00bfSu empresa\/emprendimiento tiene inicio de actividades?<\/label><div class=\"um-clear\"><\/div><\/div><div class=\"um-field-area\"><label class=\"um-field-radio  um-field-half \"><input   type=\"radio\" name=\"personalidad[]\" value=\"SI\"  \/><span class=\"um-field-radio-state\"><i class=\"um-icon-android-radio-button-off\"><\/i><\/span><span class=\"um-field-radio-option\">SI<\/span><\/label><label class=\"um-field-radio  um-field-half right\"><input   type=\"radio\" name=\"personalidad[]\" value=\"NO\"  \/><span class=\"um-field-radio-state\"><i class=\"um-icon-android-radio-button-off\"><\/i><\/span><span class=\"um-field-radio-option\">NO<\/span><\/label><div class=\"um-clear\"><\/div><div class=\"um-clear\"><\/div><\/div><\/div><div  id=\"um_field_56273_um_block_56273_16_17_18\" class=\"um-field um-field-block  um-field-um_block_56273_16_17_18 um-field-block um-field-type_block\" data-key=\"um_block_56273_16_17_18\"><strong>CUENTA CON EXPERIENCIA PREVIA EN COMERCIO ELECTR\u00d3NICO (VENTA DE BIENES Y\/O SERVICIOS A TRAV\u00c9S DE MARKETPLACE O SITIO WEB ESPECIALIZADO) <\/strong><\/div><div  id=\"um_field_56273_personalidad_16\" class=\"um-field um-field-radio  um-field-personalidad_16 um-field-radio um-field-type_radio\" data-key=\"personalidad_16\"><div class=\"um-field-label\"><label for=\"personalidad_16-56273\">Experiencia<\/label><div class=\"um-clear\"><\/div><\/div><div class=\"um-field-area\"><label class=\"um-field-radio  um-field-half \"><input   type=\"radio\" name=\"personalidad_16[]\" value=\"SI\"  \/><span class=\"um-field-radio-state\"><i class=\"um-icon-android-radio-button-off\"><\/i><\/span><span class=\"um-field-radio-option\">SI<\/span><\/label><label class=\"um-field-radio  um-field-half right\"><input   type=\"radio\" name=\"personalidad_16[]\" value=\"NO\"  \/><span class=\"um-field-radio-state\"><i class=\"um-icon-android-radio-button-off\"><\/i><\/span><span class=\"um-field-radio-option\">NO<\/span><\/label><div class=\"um-clear\"><\/div><div class=\"um-clear\"><\/div><\/div><\/div><div  id=\"um_field_56273_newsletter\" class=\"um-field um-field-checkbox  um-field-newsletter um-field-checkbox um-field-type_checkbox\" data-key=\"newsletter\"><div class=\"um-field-label\"><label for=\"newsletter-56273\">\u00bfLe interesa suscribirse al newsletter de la Plataforma de Econom\u00eda Creativa?<\/label><div class=\"um-clear\"><\/div><\/div><div class=\"um-field-area\"><label class=\"um-field-checkbox  um-field-half \"><input   type=\"checkbox\" name=\"newsletter[]\" value=\"Si\"  \/><span class=\"um-field-checkbox-state\"><i class=\"um-icon-android-checkbox-outline-blank\"><\/i><\/span><span class=\"um-field-checkbox-option\">Si<\/span><\/label><label class=\"um-field-checkbox  um-field-half right\"><input   type=\"checkbox\" name=\"newsletter[]\" value=\"No\"  \/><span class=\"um-field-checkbox-state\"><i class=\"um-icon-android-checkbox-outline-blank\"><\/i><\/span><span class=\"um-field-checkbox-option\">No<\/span><\/label><div class=\"um-clear\"><\/div><div class=\"um-clear\"><\/div><\/div><\/div><\/div><div class=\"um-clear\"><\/div><\/div>\t\t<input type=\"hidden\" name=\"form_id\" id=\"form_id_56273\" value=\"56273\" \/>\r\n\t\r\n\t<input type=\"hidden\" name=\"timestamp\" class=\"um_timestamp\" value=\"1778228691\" \/>\r\n\r\n\t<p class=\"um_request_name\">\r\n\t\t<label for=\"um_request_56273\">Only fill in if you are not human<\/label>\r\n\t\t<input type=\"text\" name=\"um_request\" id=\"um_request_56273\" class=\"input\" value=\"\" size=\"25\" autocomplete=\"off\" \/>\r\n\t<\/p>\r\n\r\n\t<input type=\"hidden\" id=\"_wpnonce\" name=\"_wpnonce\" value=\"eff36588af\" \/><input type=\"hidden\" name=\"_wp_http_referer\" value=\"\/index.php\/wp-json\/wp\/v2\/pages\/56279\" \/>\r\n\t<div class=\"um-col-alt\">\r\n\r\n\t\t\r\n\t\t\t<div class=\"um-center\">\r\n\t\t\t\t<input type=\"submit\" value=\"Registro\" class=\"um-button\" id=\"um-submit-btn\" \/>\r\n\t\t\t<\/div>\r\n\r\n\t\t\r\n\t\t<div class=\"um-clear\"><\/div>\r\n\r\n\t<\/div>\r\n\r\n\t\t\t\r\n\t\t<\/form>\r\n\r\n\t<\/div>\r\n\r\n<\/div><style type=\"text\/css\">\r\n.um-56273.um {\r\n\tmax-width: 960px;\r\n}<\/style>\r\n[\/et_pb_text][\/et_pb_column][\/et_pb_row][\/et_pb_section]<\/p>\n","protected":false},"excerpt":{"rendered":"<p>[et_pb_section fb_built=&#8221;1&#8243; _builder_version=&#8221;4.3.2&#8243; hover_enabled=&#8221;0&#8243; border_width_left=&#8221;0px&#8221; custom_padding=&#8221;0vw||0vw||true|false&#8221;][et_pb_row _builder_version=&#8221;4.3.2&#8243;][et_pb_column _builder_version=&#8221;4.3.2&#8243; type=&#8221;4_4&#8243;][et_pb_text _builder_version=&#8221;4.3.2&#8243; hover_enabled=&#8221;0&#8243;] Curso e-commerce Formulario de Inscripci\u00f3n [\/et_pb_text][\/et_pb_column][\/et_pb_row][et_pb_row _builder_version=&#8221;3.25&#8243; background_size=&#8221;initial&#8221; background_position=&#8221;top_left&#8221; background_repeat=&#8221;repeat&#8221;][et_pb_column type=&#8221;4_4&#8243; _builder_version=&#8221;3.25&#8243; custom_padding=&#8221;|||&#8221; custom_padding__hover=&#8221;|||&#8221;][et_pb_text _builder_version=&#8221;4.3.2&#8243; background_size=&#8221;initial&#8221; background_position=&#8221;top_left&#8221; background_repeat=&#8221;repeat&#8221; hover_enabled=&#8221;0&#8243;][\/et_pb_text][\/et_pb_column][\/et_pb_row][\/et_pb_section]<\/p>\n","protected":false},"author":1,"featured_media":0,"parent":0,"menu_order":0,"comment_status":"closed","ping_status":"closed","template":"","meta":{"_et_pb_use_builder":"on","_et_pb_old_content":"[ultimatemember form_id=\"56273\"]","_et_gb_content_width":"1080"},"_links":{"self":[{"href":"https:\/\/cursosec.unit.la\/index.php\/wp-json\/wp\/v2\/pages\/56279"}],"collection":[{"href":"https:\/\/cursosec.unit.la\/index.php\/wp-json\/wp\/v2\/pages"}],"about":[{"href":"https:\/\/cursosec.unit.la\/index.php\/wp-json\/wp\/v2\/types\/page"}],"author":[{"embeddable":true,"href":"https:\/\/cursosec.unit.la\/index.php\/wp-json\/wp\/v2\/users\/1"}],"replies":[{"embeddable":true,"href":"https:\/\/cursosec.unit.la\/index.php\/wp-json\/wp\/v2\/comments?post=56279"}],"version-history":[{"count":5,"href":"https:\/\/cursosec.unit.la\/index.php\/wp-json\/wp\/v2\/pages\/56279\/revisions"}],"predecessor-version":[{"id":56846,"href":"https:\/\/cursosec.unit.la\/index.php\/wp-json\/wp\/v2\/pages\/56279\/revisions\/56846"}],"wp:attachment":[{"href":"https:\/\/cursosec.unit.la\/index.php\/wp-json\/wp\/v2\/media?parent=56279"}],"curies":[{"name":"wp","href":"https:\/\/api.w.org\/{rel}","templated":true}]}}