{"id":52208,"date":"2019-12-08T20:31:25","date_gmt":"2019-12-08T23:31:25","guid":{"rendered":"https:\/\/cursosec.unit.la\/?page_id=52208"},"modified":"2020-04-29T02:56:07","modified_gmt":"2020-04-29T05:56:07","slug":"proteccion-de-la-creacion-sitios_clave","status":"publish","type":"page","link":"https:\/\/cursosec.unit.la\/index.php\/proteccion-de-la-creacion-sitios_clave\/","title":{"rendered":"proteccion-de-la-creacion-sitios_clave"},"content":{"rendered":"<p>[et_pb_section fb_built=&#8221;1&#8243; use_custom_gutter=&#8221;on&#8221; gutter_width=&#8221;2&#8243; specialty=&#8221;on&#8221; custom_padding_last_edited=&#8221;on|phone&#8221; background_color_1=&#8221;#ffffff&#8221; background_color_2=&#8221;#ffffff&#8221; padding_top_bottom_link_1=&#8221;false&#8221; padding_top_bottom_link_2=&#8221;false&#8221; padding_left_right_link_1=&#8221;false&#8221; padding_left_right_link_2=&#8221;false&#8221; padding_top_2=&#8221;2vw&#8221; padding_right_1=&#8221;5vw&#8221; padding_right_2=&#8221;2vw&#8221; padding_bottom_2=&#8221;5vw&#8221; padding_left_1=&#8221;6vw&#8221; padding_left_2=&#8221;2vw&#8221; padding_1_tablet=&#8221;7vw||7vw||false|false&#8221; padding_2_tablet=&#8221;||5vw||false|false&#8221; padding_1_phone=&#8221;7vw|3vw|7vw|5vw|false|false&#8221; padding_2_phone=&#8221;|9vw|9vw|9vw|false|false&#8221; padding_1_last_edited=&#8221;on|desktop&#8221; padding_2_last_edited=&#8221;on|phone&#8221; _builder_version=&#8221;4.3.2&#8243; background_color=&#8221;#ffffff&#8221; background_enable_image=&#8221;off&#8221; background_size=&#8221;contain&#8221; background_repeat=&#8221;space&#8221; background_blend=&#8221;darken&#8221; transform_scale_tablet=&#8221;&#8221; transform_scale_phone=&#8221;&#8221; transform_scale_last_edited=&#8221;on|desktop&#8221; transform_translate_tablet=&#8221;&#8221; transform_translate_phone=&#8221;&#8221; transform_translate_last_edited=&#8221;on|desktop&#8221; transform_rotate_tablet=&#8221;&#8221; transform_rotate_phone=&#8221;&#8221; transform_rotate_last_edited=&#8221;on|desktop&#8221; transform_skew_tablet=&#8221;&#8221; transform_skew_phone=&#8221;&#8221; transform_skew_last_edited=&#8221;on|desktop&#8221; transform_origin_tablet=&#8221;&#8221; transform_origin_phone=&#8221;&#8221; transform_origin_last_edited=&#8221;on|desktop&#8221; transform_styles_last_edited=&#8221;on|desktop&#8221; inner_width=&#8221;100%&#8221; inner_max_width=&#8221;99%&#8221; inner_module_alignment=&#8221;left&#8221; custom_margin=&#8221;-2px||||false|false&#8221; custom_padding=&#8221;0px|2vw|0px|0px|false|false&#8221; custom_padding_tablet=&#8221;|||3vw|false|false&#8221; custom_padding_phone=&#8221;||||false|false&#8221; hover_enabled=&#8221;0&#8243; transform_styles_tablet=&#8221;&#8221; transform_styles_phone=&#8221;&#8221; border_width_top=&#8221;2px&#8221; border_color_top=&#8221;#57bcb3&#8243; border_width_bottom=&#8221;3px&#8221; border_color_bottom=&#8221;#57bcb3&#8243; locked=&#8221;off&#8221; gutter_width__hover_enabled=&#8221;on|desktop&#8221; gutter_width__hover=&#8221;2&#8243;][et_pb_column type=&#8221;3_4&#8243; specialty_columns=&#8221;3&#8243; _builder_version=&#8221;3.25&#8243; custom_padding=&#8221;|||&#8221; custom_padding__hover=&#8221;|||&#8221;][et_pb_row_inner use_custom_gutter=&#8221;on&#8221; custom_padding_last_edited=&#8221;on|phone&#8221; module_id=&#8221;Estrategia_y_tramites_para_la_internacionalizacion&#8221; _builder_version=&#8221;4.0.7&#8243; background_enable_color=&#8221;off&#8221; custom_margin=&#8221;||||false|false&#8221; custom_padding=&#8221;||0px||false|false&#8221; custom_padding_tablet=&#8221;&#8221; custom_padding_phone=&#8221;&#8221;][et_pb_column_inner saved_specialty_column_type=&#8221;3_4&#8243; _builder_version=&#8221;4.0.7&#8243; custom_padding=&#8221;||||false|false&#8221; custom_padding_tablet=&#8221;&#8221; custom_padding_phone=&#8221;&#8221; custom_padding_last_edited=&#8221;on|desktop&#8221;][et_pb_text _builder_version=&#8221;4.0.7&#8243; text_font=&#8221;||||||||&#8221; text_text_color=&#8221;#181c44&#8243; text_font_size=&#8221;16px&#8221; link_font=&#8221;|||||||#181c44|&#8221; link_text_color=&#8221;#181c44&#8243; custom_padding=&#8221;||3vw||false|false&#8221; locked=&#8221;off&#8221;]<\/p>\n<div style=\"text-align: left;\"><a href=\"https:\/\/cursosec.unit.la\/\">Inicio<\/a>\u00a0 \u00a0<strong><span style=\"color: #f78f2b;\">&gt;&gt;<\/span><\/strong>\u00a0 \u00a0<a href=\"https:\/\/cursosec.unit.la\/index.php\/proteccion-de-la-creacion-contenido-00\">Protecci\u00f3n de la creaci\u00f3n<\/a>\u00a0 \u00a0<span style=\"color: #f78f2b;\"><strong>&gt;&gt;\u00a0\u00a0<\/strong><\/span>\u00a0<b>Sitios clave<\/b><\/div>\n<p>[\/et_pb_text][et_pb_text _builder_version=&#8221;4.0.7&#8243; text_font=&#8221;Open Sans|800||on|||||&#8221; text_text_color=&#8221;#50C1B4&#8243; text_font_size=&#8221;33px&#8221; text_line_height=&#8221;1.2em&#8221; background_color=&#8221;50C1B4&#8243; width_last_edited=&#8221;off|phone&#8221; custom_padding=&#8221;1vw||1vw||false|false&#8221; custom_padding_tablet=&#8221;2vw||2vw||false|false&#8221; custom_padding_phone=&#8221;3vw||2vw||false|false&#8221; custom_padding_last_edited=&#8221;off|desktop&#8221; text_font_size_tablet=&#8221;&#8221; text_font_size_phone=&#8221;28px&#8221; text_font_size_last_edited=&#8221;on|phone&#8221; locked=&#8221;off&#8221; custom_padding__hover_enabled=&#8221;on|desktop&#8221; custom_padding__hover_tablet=&#8221;3vw||||false|false&#8221; custom_padding__hover=&#8221;||||false|false&#8221;]<\/p>\n<p>Sitios Clave<\/p>\n<p>[\/et_pb_text][et_pb_text _builder_version=&#8221;4.0.7&#8243; text_font_size=&#8221;16px&#8221; link_font=&#8221;|600|||||||&#8221; link_text_color=&#8221;#f29c18&#8243; link_font_size=&#8221;16px&#8221; locked=&#8221;off&#8221;]<\/p>\n<p>El <a href=\"https:\/\/www.cultura.gob.cl\/\" target=\"_blank\" rel=\"noopener noreferrer\">Ministerio de las Culturas, las Artes y el Patrimonio<\/a>, a trav\u00e9s de su <a href=\"https:\/\/www.cultura.gob.cl\/unidad-de-derechos-de-autor\/\" target=\"_blank\" rel=\"noopener noreferrer\">Unidad de Derechos de Autor<\/a> promueve el respeto y la protecci\u00f3n de los derechos de autor y los derechos conexos, y su observancia en todos aquellos aspectos de relevancia cultural, e impulsar su difusi\u00f3n. Este Ministerio tiene adem\u00e1s funciones relativas a la gesti\u00f3n colectiva de derechos, tales como otorgar la autorizaci\u00f3n para el funcionamiento de las entidades de gesti\u00f3n colectiva y revocar, en su caso, dicha autorizaci\u00f3n y mantener actualizado un Registro P\u00fablico de Mediadores y \u00c1rbitros de Propiedad Intelectual, que es un \u00edndice de los mediadores y \u00e1rbitros que concilian y dirimen las controversias sobre montos de tarifas entre asociaciones que representan a usuarios de derechos de autor o conexos y entidades de gesti\u00f3n colectiva.<\/p>\n<p>Adicionalmente el <a href=\"https:\/\/www.patrimoniocultural.gob.cl\/portal\/\" target=\"_blank\" rel=\"noopener noreferrer\">Servicio Nacional del Patrimonio Cultural<\/a>, a trav\u00e9s de su <a href=\"https:\/\/www.propiedadintelectual.gob.cl\/sitio\/\" target=\"_blank\" rel=\"noopener noreferrer\">Departamento de Derechos Intelectuales (DDI)<\/a>, tiene a su cargo el Registro de Propiedad Intelectual en que se realizan las inscripciones relativas al derecho de autor.<\/p>\n<p>Por \u00faltimo el <a href=\"http:\/\/www.fiscaliadechile.cl\/Fiscalia\/index.do\" target=\"_blank\" rel=\"noopener noreferrer\">Ministerio P\u00fablico<\/a>, con la ayuda de las polic\u00edas, y los <a href=\"https:\/\/www.pjud.cl\/home\" target=\"_blank\" rel=\"noopener noreferrer\">Tribunales de Justicia<\/a> tienen la tarea de perseguir, investigar y conocer, seg\u00fan corresponda, las infracciones tanto civiles como penales relativas a materias de derechos de autor, seg\u00fan lo establezca la ley.<\/p>\n<p>Internacionalmente, el \u00f3rgano que vela por la propiedad intelectual es la <a href=\"https:\/\/www.wipo.int\/portal\/es\/\" target=\"_blank\" rel=\"noopener noreferrer\">Organizaci\u00f3n Mundial de Propiedad Intelectual (OMPI)<\/a>.<\/p>\n<p>[\/et_pb_text][\/et_pb_column_inner][\/et_pb_row_inner][et_pb_row_inner column_structure=&#8221;1_3,1_3,1_3&#8243; _builder_version=&#8221;4.3.2&#8243;][et_pb_column_inner type=&#8221;1_3&#8243; _builder_version=&#8221;4.3.2&#8243; saved_specialty_column_type=&#8221;3_4&#8243;][et_pb_image src=&#8221;https:\/\/cursosec.unit.la\/wp-content\/uploads\/2020\/04\/btn_sitios.png&#8221; url=&#8221;https:\/\/cursosec.unit.la\/index.php\/proteccion-de-la-creacion-sitios_clave\/&#8221; align=&#8221;center&#8221; src_tablet=&#8221;https:\/\/cursosec.unit.la\/wp-content\/uploads\/2020\/04\/menu_sitios.png&#8221; src_phone=&#8221;https:\/\/cursosec.unit.la\/wp-content\/uploads\/2020\/04\/menu_sitios.png&#8221; src_last_edited=&#8221;on|phone&#8221; _builder_version=&#8221;4.3.2&#8243; box_shadow_style=&#8221;preset1&#8243; box_shadow_color=&#8221;#58bdb3&#8243;][\/et_pb_image][\/et_pb_column_inner][et_pb_column_inner type=&#8221;1_3&#8243; _builder_version=&#8221;4.3.2&#8243; saved_specialty_column_type=&#8221;3_4&#8243;][et_pb_image src=&#8221;https:\/\/cursosec.unit.la\/wp-content\/uploads\/2020\/04\/btn_parasaber.png&#8221; url=&#8221;https:\/\/cursosec.unit.la\/index.php\/proteccion-de-la-creacion-para-saber-mas\/&#8221; align=&#8221;center&#8221; src_tablet=&#8221;https:\/\/cursosec.unit.la\/wp-content\/uploads\/2020\/04\/menu_parasaber.png&#8221; src_phone=&#8221;https:\/\/cursosec.unit.la\/wp-content\/uploads\/2020\/04\/menu_parasaber.png&#8221; src_last_edited=&#8221;on|phone&#8221; _builder_version=&#8221;4.3.2&#8243; module_alignment=&#8221;center&#8221; animation_style=&#8221;fade&#8221; box_shadow_style=&#8221;preset1&#8243; box_shadow_color=&#8221;#58bdb3&#8243;][\/et_pb_image][\/et_pb_column_inner][et_pb_column_inner type=&#8221;1_3&#8243; _builder_version=&#8221;4.3.2&#8243; saved_specialty_column_type=&#8221;3_4&#8243;][et_pb_image src=&#8221;https:\/\/cursosec.unit.la\/wp-content\/uploads\/2020\/04\/btn_glosario.png&#8221; url=&#8221;https:\/\/cursosec.unit.la\/index.php\/glosario\/&#8221; url_new_window=&#8221;on&#8221; align=&#8221;center&#8221; src_tablet=&#8221;https:\/\/cursosec.unit.la\/wp-content\/uploads\/2020\/04\/menu_glosario.png&#8221; src_phone=&#8221;https:\/\/cursosec.unit.la\/wp-content\/uploads\/2020\/04\/menu_glosario.png&#8221; src_last_edited=&#8221;on|phone&#8221; _builder_version=&#8221;4.3.2&#8243; module_alignment=&#8221;center&#8221; animation_style=&#8221;fade&#8221; box_shadow_style=&#8221;preset1&#8243; box_shadow_color=&#8221;#58bdb3&#8243;][\/et_pb_image][\/et_pb_column_inner][\/et_pb_row_inner][et_pb_row_inner column_structure=&#8221;1_2,1_2&#8243; _builder_version=&#8221;4.3.2&#8243; custom_padding=&#8221;0px||||false|false&#8221;][et_pb_column_inner type=&#8221;1_2&#8243; _builder_version=&#8221;4.3.2&#8243; saved_specialty_column_type=&#8221;3_4&#8243;][et_pb_image src=&#8221;https:\/\/cursosec.unit.la\/wp-content\/uploads\/2020\/04\/btn_descargas.png&#8221; url=&#8221;https:\/\/cursosec.unit.la\/index.php\/proteccion-de-la-creacion-area-de-descarga\/&#8221; align=&#8221;center&#8221; src_tablet=&#8221;https:\/\/cursosec.unit.la\/wp-content\/uploads\/2020\/04\/menu_descargas.png&#8221; src_phone=&#8221;https:\/\/cursosec.unit.la\/wp-content\/uploads\/2020\/04\/menu_descargas.png&#8221; src_last_edited=&#8221;on|phone&#8221; _builder_version=&#8221;4.3.2&#8243; module_alignment=&#8221;center&#8221; animation_style=&#8221;fade&#8221; box_shadow_style=&#8221;preset1&#8243; box_shadow_color=&#8221;#58bdb3&#8243;][\/et_pb_image][\/et_pb_column_inner][et_pb_column_inner type=&#8221;1_2&#8243; _builder_version=&#8221;4.3.2&#8243; saved_specialty_column_type=&#8221;3_4&#8243;][et_pb_image src=&#8221;https:\/\/cursosec.unit.la\/wp-content\/uploads\/2020\/04\/btn_evaluate.png&#8221; url=&#8221;https:\/\/cursosec.unit.la\/index.php\/proteccion-de-la-creacion-quiz\/&#8221; align=&#8221;center&#8221; src_tablet=&#8221;https:\/\/cursosec.unit.la\/wp-content\/uploads\/2020\/04\/menu_evaluate.png&#8221; src_phone=&#8221;https:\/\/cursosec.unit.la\/wp-content\/uploads\/2020\/04\/menu_evaluate.png&#8221; src_last_edited=&#8221;on|phone&#8221; _builder_version=&#8221;4.3.2&#8243; module_alignment=&#8221;center&#8221; animation_style=&#8221;fade&#8221; box_shadow_style=&#8221;preset1&#8243; box_shadow_color=&#8221;#58bdb3&#8243;][\/et_pb_image][\/et_pb_column_inner][\/et_pb_row_inner][\/et_pb_column][et_pb_column type=&#8221;1_4&#8243; _builder_version=&#8221;3.25&#8243; custom_padding=&#8221;|||&#8221; custom_padding__hover=&#8221;|||&#8221;][et_pb_text disabled_on=&#8221;on|on|off&#8221; _builder_version=&#8221;4.3.2&#8243; text_font=&#8221;|||on|||||&#8221; text_text_color=&#8221;#ffffff&#8221; text_font_size=&#8221;15px&#8221; text_line_height=&#8221;1em&#8221; link_font=&#8221;||||||||&#8221; header_font=&#8221;||||||||&#8221; header_text_color=&#8221;#ffffff&#8221; background_color=&#8221;#58bdb3&#8243; transform_scale_tablet=&#8221;&#8221; transform_scale_phone=&#8221;&#8221; transform_scale_last_edited=&#8221;on|tablet&#8221; transform_translate=&#8221;0px|-25px&#8221; transform_translate_tablet=&#8221;0px|-19px&#8221; transform_translate_phone=&#8221;&#8221; transform_translate_last_edited=&#8221;on|phone&#8221; transform_translate_linked=&#8221;off&#8221; transform_rotate_tablet=&#8221;&#8221; transform_rotate_phone=&#8221;&#8221; transform_rotate_last_edited=&#8221;on|tablet&#8221; transform_skew_tablet=&#8221;&#8221; transform_skew_phone=&#8221;&#8221; transform_skew_last_edited=&#8221;on|tablet&#8221; transform_origin_tablet=&#8221;&#8221; transform_origin_phone=&#8221;&#8221; transform_origin_last_edited=&#8221;on|tablet&#8221; transform_styles_last_edited=&#8221;on|phone&#8221; text_orientation=&#8221;center&#8221; module_alignment=&#8221;center&#8221; min_height=&#8221;45px&#8221; custom_margin=&#8221;0px||-6px||false|false&#8221; custom_margin_tablet=&#8221;&#8221; custom_margin_phone=&#8221;||||false|false&#8221; custom_margin_last_edited=&#8221;on|desktop&#8221; custom_padding=&#8221;1vw|0vw|1vw|0vw|true|true&#8221; transform_styles_tablet=&#8221;&#8221; transform_styles_phone=&#8221;&#8221; border_radii=&#8221;off|10px|10px||&#8221; border_color_all=&#8221;#ffffff&#8221; locked=&#8221;off&#8221;]<\/p>\n<div><strong>Men\u00fa de la secci\u00f3n<\/strong><\/div>\n<p>[\/et_pb_text][et_pb_menu menu_id=&#8221;21&#8243; active_link_color=&#8221;#58bdb3&#8243; disabled_on=&#8221;on|on|off&#8221; _builder_version=&#8221;4.3.2&#8243; locked=&#8221;off&#8221;][\/et_pb_menu][\/et_pb_column][\/et_pb_section]<\/p>\n","protected":false},"excerpt":{"rendered":"<p>[et_pb_section fb_built=&#8221;1&#8243; use_custom_gutter=&#8221;on&#8221; gutter_width=&#8221;2&#8243; specialty=&#8221;on&#8221; custom_padding_last_edited=&#8221;on|phone&#8221; background_color_1=&#8221;#ffffff&#8221; background_color_2=&#8221;#ffffff&#8221; padding_top_bottom_link_1=&#8221;false&#8221; padding_top_bottom_link_2=&#8221;false&#8221; padding_left_right_link_1=&#8221;false&#8221; padding_left_right_link_2=&#8221;false&#8221; padding_top_2=&#8221;2vw&#8221; padding_right_1=&#8221;5vw&#8221; padding_right_2=&#8221;2vw&#8221; padding_bottom_2=&#8221;5vw&#8221; padding_left_1=&#8221;6vw&#8221; padding_left_2=&#8221;2vw&#8221; padding_1_tablet=&#8221;7vw||7vw||false|false&#8221; padding_2_tablet=&#8221;||5vw||false|false&#8221; padding_1_phone=&#8221;7vw|3vw|7vw|5vw|false|false&#8221; padding_2_phone=&#8221;|9vw|9vw|9vw|false|false&#8221; padding_1_last_edited=&#8221;on|desktop&#8221; padding_2_last_edited=&#8221;on|phone&#8221; _builder_version=&#8221;4.3.2&#8243; background_color=&#8221;#ffffff&#8221; background_enable_image=&#8221;off&#8221; background_size=&#8221;contain&#8221; background_repeat=&#8221;space&#8221; background_blend=&#8221;darken&#8221; transform_scale_tablet=&#8221;&#8221; transform_scale_phone=&#8221;&#8221; transform_scale_last_edited=&#8221;on|desktop&#8221; transform_translate_tablet=&#8221;&#8221; transform_translate_phone=&#8221;&#8221; transform_translate_last_edited=&#8221;on|desktop&#8221; transform_rotate_tablet=&#8221;&#8221; transform_rotate_phone=&#8221;&#8221; transform_rotate_last_edited=&#8221;on|desktop&#8221; transform_skew_tablet=&#8221;&#8221; transform_skew_phone=&#8221;&#8221; transform_skew_last_edited=&#8221;on|desktop&#8221; transform_origin_tablet=&#8221;&#8221; transform_origin_phone=&#8221;&#8221; transform_origin_last_edited=&#8221;on|desktop&#8221; transform_styles_last_edited=&#8221;on|desktop&#8221; inner_width=&#8221;100%&#8221; inner_max_width=&#8221;99%&#8221; inner_module_alignment=&#8221;left&#8221; custom_margin=&#8221;-2px||||false|false&#8221; custom_padding=&#8221;0px|2vw|0px|0px|false|false&#8221; custom_padding_tablet=&#8221;|||3vw|false|false&#8221; custom_padding_phone=&#8221;||||false|false&#8221; hover_enabled=&#8221;0&#8243; transform_styles_tablet=&#8221;&#8221; [&hellip;]<\/p>\n","protected":false},"author":1,"featured_media":0,"parent":0,"menu_order":0,"comment_status":"closed","ping_status":"closed","template":"","meta":{"_et_pb_use_builder":"on","_et_pb_old_content":"","_et_gb_content_width":""},"_links":{"self":[{"href":"https:\/\/cursosec.unit.la\/index.php\/wp-json\/wp\/v2\/pages\/52208"}],"collection":[{"href":"https:\/\/cursosec.unit.la\/index.php\/wp-json\/wp\/v2\/pages"}],"about":[{"href":"https:\/\/cursosec.unit.la\/index.php\/wp-json\/wp\/v2\/types\/page"}],"author":[{"embeddable":true,"href":"https:\/\/cursosec.unit.la\/index.php\/wp-json\/wp\/v2\/users\/1"}],"replies":[{"embeddable":true,"href":"https:\/\/cursosec.unit.la\/index.php\/wp-json\/wp\/v2\/comments?post=52208"}],"version-history":[{"count":8,"href":"https:\/\/cursosec.unit.la\/index.php\/wp-json\/wp\/v2\/pages\/52208\/revisions"}],"predecessor-version":[{"id":55841,"href":"https:\/\/cursosec.unit.la\/index.php\/wp-json\/wp\/v2\/pages\/52208\/revisions\/55841"}],"wp:attachment":[{"href":"https:\/\/cursosec.unit.la\/index.php\/wp-json\/wp\/v2\/media?parent=52208"}],"curies":[{"name":"wp","href":"https:\/\/api.w.org\/{rel}","templated":true}]}}