{"id":50964,"date":"2019-11-28T12:38:44","date_gmt":"2019-11-28T15:38:44","guid":{"rendered":"https:\/\/cursosec.unit.la\/?page_id=50964"},"modified":"2020-05-06T02:24:19","modified_gmt":"2020-05-06T05:24:19","slug":"servicios-creativos-contenido-02","status":"publish","type":"page","link":"https:\/\/cursosec.unit.la\/index.php\/servicios-creativos-contenido-02\/","title":{"rendered":"Servicios-creativos-CONTENIDO-02"},"content":{"rendered":"<p>[et_pb_section fb_built=&#8221;1&#8243; use_custom_gutter=&#8221;on&#8221; gutter_width=&#8221;2&#8243; specialty=&#8221;on&#8221; custom_padding_last_edited=&#8221;on|phone&#8221; background_color_1=&#8221;#ffffff&#8221; background_color_2=&#8221;#ffffff&#8221; padding_top_bottom_link_1=&#8221;false&#8221; padding_top_bottom_link_2=&#8221;false&#8221; padding_left_right_link_1=&#8221;false&#8221; padding_left_right_link_2=&#8221;false&#8221; padding_top_2=&#8221;2vw&#8221; padding_right_2=&#8221;2vw&#8221; padding_bottom_2=&#8221;5vw&#8221; padding_left_2=&#8221;2vw&#8221; padding_1_tablet=&#8221;7vw||7vw||false|false&#8221; padding_2_tablet=&#8221;||5vw||false|false&#8221; padding_1_phone=&#8221;7vw||7vw||false|false&#8221; padding_2_phone=&#8221;|9vw|9vw|9vw|false|false&#8221; padding_1_last_edited=&#8221;on|phone&#8221; padding_2_last_edited=&#8221;on|phone&#8221; module_id_2=&#8221;sticky&#8221; _builder_version=&#8221;4.3.2&#8243; background_color=&#8221;#ffffff&#8221; background_enable_image=&#8221;off&#8221; background_size=&#8221;contain&#8221; background_repeat=&#8221;space&#8221; background_blend=&#8221;darken&#8221; transform_scale_tablet=&#8221;&#8221; transform_scale_phone=&#8221;&#8221; transform_scale_last_edited=&#8221;on|desktop&#8221; transform_translate_tablet=&#8221;&#8221; transform_translate_phone=&#8221;&#8221; transform_translate_last_edited=&#8221;on|desktop&#8221; transform_rotate_tablet=&#8221;&#8221; transform_rotate_phone=&#8221;&#8221; transform_rotate_last_edited=&#8221;on|desktop&#8221; transform_skew_tablet=&#8221;&#8221; transform_skew_phone=&#8221;&#8221; transform_skew_last_edited=&#8221;on|desktop&#8221; transform_origin_tablet=&#8221;&#8221; transform_origin_phone=&#8221;&#8221; transform_origin_last_edited=&#8221;on|desktop&#8221; transform_styles_last_edited=&#8221;on|desktop&#8221; inner_width=&#8221;100%&#8221; inner_max_width=&#8221;99%&#8221; inner_module_alignment=&#8221;left&#8221; custom_margin=&#8221;-2px||||false|false&#8221; custom_padding=&#8221;0px|2vw|0px|0px|false|false&#8221; custom_padding_tablet=&#8221;|||3vw|false|false&#8221; custom_padding_phone=&#8221;||||false|false&#8221; transform_styles_tablet=&#8221;&#8221; transform_styles_phone=&#8221;&#8221; border_width_top=&#8221;2px&#8221; border_color_top=&#8221;#57bcb3&#8243; border_color_bottom=&#8221;#57bcb3&#8243; locked=&#8221;off&#8221; gutter_width__hover_enabled=&#8221;on|desktop&#8221; gutter_width__hover=&#8221;2&#8243;][et_pb_column type=&#8221;3_4&#8243; specialty_columns=&#8221;3&#8243; _builder_version=&#8221;3.25&#8243; custom_padding=&#8221;|||&#8221; custom_padding__hover=&#8221;|||&#8221;][et_pb_row_inner use_custom_gutter=&#8221;on&#8221; module_id=&#8221;Estrategia_y_tramites_para_la_internacionalizacion&#8221; _builder_version=&#8221;4.1&#8243; background_enable_color=&#8221;off&#8221; custom_margin=&#8221;||||false|false&#8221; custom_padding=&#8221;|5vw||6vw|false|false&#8221;][et_pb_column_inner saved_specialty_column_type=&#8221;3_4&#8243; _builder_version=&#8221;4.0.6&#8243; custom_padding=&#8221;||||false|false&#8221;][et_pb_text _builder_version=&#8221;4.0.7&#8243; text_font=&#8221;||||||||&#8221; text_text_color=&#8221;#181c44&#8243; text_font_size=&#8221;16px&#8221; link_font=&#8221;|||||||#181c44|&#8221; link_text_color=&#8221;#181c44&#8243; custom_padding=&#8221;||3vw||false|false&#8221; locked=&#8221;off&#8221;]<\/p>\n<div style=\"text-align: left;\"><a href=\"https:\/\/cursosec.unit.la\/\">Inicio<\/a>\u00a0 \u00a0<strong><span style=\"color: #f78f2b;\">&gt;&gt;<\/span><\/strong>\u00a0 \u00a0<a href=\"https:\/\/cursosec.unit.la\/index.php\/servicios-creativos-contenido-01\">Internacionalizaci\u00f3n de servicios creativos<\/a>\u00a0 \u00a0<span style=\"color: #f78f2b;\"><strong>&gt;&gt;\u00a0\u00a0<\/strong><\/span>\u00a0<b>Conceptos fundamentales<\/b><\/div>\n<p>[\/et_pb_text][et_pb_text _builder_version=&#8221;4.3.2&#8243; text_font=&#8221;Open Sans|800||on|||||&#8221; text_text_color=&#8221;#50C1B4&#8243; text_font_size=&#8221;33px&#8221; text_line_height=&#8221;1.2em&#8221; background_color=&#8221;50C1B4&#8243; custom_padding=&#8221;1vw||1vw||false|false&#8221; text_font_size_tablet=&#8221;&#8221; text_font_size_phone=&#8221;26px&#8221; text_font_size_last_edited=&#8221;on|phone&#8221; locked=&#8221;off&#8221; custom_padding__hover_enabled=&#8221;on|desktop&#8221; custom_padding__hover_tablet=&#8221;3vw||||false|false&#8221; custom_padding__hover=&#8221;||||false|false&#8221;]<\/p>\n<p>1. Conceptos fundamentales<\/p>\n<p>[\/et_pb_text][et_pb_text _builder_version=&#8221;4.0.7&#8243; text_font_size=&#8221;16px&#8221; link_font=&#8221;|600|||||||&#8221; link_text_color=&#8221;#f28c18&#8243; link_font_size=&#8221;16px&#8221;]<\/p>\n<p>El comercio de <strong>servicios<\/strong> se lleva a cabo en forma sustancialmente distinta al comercio tradicional de <strong>bienes<\/strong>. En el caso del comercio de servicios no son las preferencias arancelarias las materias centrales, ya que los servicios al ser intangibles no se encuentran afectos a aranceles aduaneros al comercializarse internacionalmente. Desde ese punto de vista, las claves para el comercio\u00a0 de servicios pasan a ser las normas que mantienen los pa\u00edses en sus regulaciones internas.<\/p>\n<p>En esta secci\u00f3n vamos a ver la operativa de la <strong>internacionalizaci\u00f3n de servicios creativos<\/strong>, mientras que la <strong>internacionalizaci\u00f3n de bienes creativos<\/strong> la vamos a tratar en profundidad en <a href=\"https:\/\/cursosec.unit.la\/index.php\/g3-contenido-00-bienes-creativos\/\">una secci\u00f3n aparte<\/a>.<\/p>\n<p>Lo m\u00e1s relevante de la comercializaci\u00f3n al exterior de servicios tiene que ver con <strong>aspectos fiscales<\/strong>. En la siguiente c\u00e1psula te explicamos los conceptos fundamentales. Veremos los cuatro modos posibles de suministro de servicios en el \u00e1mbito internacional, analizaremos c\u00f3mo el tratamiento del Impuesto al Valor Agregado (IVA) puede ser un incentivo para la exportaci\u00f3n de servicios, y veremos como podemos hacer frente a la doble tributaci\u00f3n relativa al Impuesto a la Renta (IR).<\/p>\n<p>[\/et_pb_text][et_pb_text _builder_version=&#8221;4.0.8&#8243; background_enable_color=&#8221;off&#8221; disabled_on=&#8221;on|on|on&#8221; disabled=&#8221;on&#8221;]<\/p>\n<p><strong><iframe src='\/wp-content\/uploads\/articulate_uploads\/7_IS_Interactivo\/story.html' width='100%' height='600px' frameborder='0' scrolling='no'><\/iframe><a href='https:\/\/www.elearningfreak.com' target='_blank'>Powered by elearningfreak.com<\/a><\/strong><\/p>\n<p>[\/et_pb_text][et_pb_text _builder_version=&#8221;4.3.2&#8243; text_font_size=&#8221;16px&#8221; link_text_color=&#8221;#f28c18&#8243; link_font_size=&#8221;16px&#8221;]<\/p>\n<p>Como quiz\u00e1s no est\u00e9s familiarizado\/a con determinados conceptos tributarios, pensamos que puede ser interesante que accedas a algunos <strong>videos institucionales<\/strong>, para repasar algunos conceptos gen\u00e9ricos. Por ejemplo, en el siguiente video del <strong>Servicio de Impuestos Internos<\/strong> encontrar\u00e1s los conceptos fundamentales del Impuesto a la Renta.<\/p>\n<p>[\/et_pb_text][et_pb_video_slider show_image_overlay=&#8221;on&#8221; _builder_version=&#8221;4.3.2&#8243;][et_pb_video_slider_item src=&#8221;https:\/\/www.youtube.com\/watch?v=7mnJVTSCd4A&#8221; image_src=&#8221;https:\/\/cursosec.unit.la\/wp-content\/uploads\/2019\/12\/IS-Video_sii.png&#8221; _builder_version=&#8221;4.3.2&#8243; show_image_overlay=&#8221;on&#8221;][\/et_pb_video_slider_item][\/et_pb_video_slider][et_pb_text _builder_version=&#8221;4.3.2&#8243; text_font_size=&#8221;16px&#8221; link_font=&#8221;|600|||||||&#8221; link_text_color=&#8221;#f28c18&#8243; link_font_size=&#8221;16px&#8221;]<\/p>\n<p>Te recomendamos tambi\u00e9n que consideres la realizaci\u00f3n del curso de \u201cAdministraci\u00f3n Tributaria\u201d de <a href=\"http:\/\/moodle.biblioredes.cl\/\" target=\"_blank\" rel=\"noopener noreferrer\">BiblioRedes<\/a>, con el que podr\u00e1s adquirir una visi\u00f3n m\u00e1s completa sobre el papel y las herramientas de instituciones como el <strong>Servicio de Impuestos Internos<\/strong>, el <strong>Servicio Nacional de Aduanas<\/strong> o la <strong>Tesorer\u00eda General de la Rep\u00fablica<\/strong>.<\/p>\n<p>[\/et_pb_text][\/et_pb_column_inner][\/et_pb_row_inner][et_pb_row_inner column_structure=&#8221;1_2,1_2&#8243; use_custom_gutter=&#8221;on&#8221; gutter_width=&#8221;2&#8243; make_equal=&#8221;on&#8221; custom_padding_last_edited=&#8221;on|phone&#8221; disabled_on=&#8221;off|off|off&#8221; _builder_version=&#8221;4.1&#8243; background_color=&#8221;#4d4a69&#8243; width=&#8221;100%&#8221; max_width=&#8221;100%&#8221; module_alignment=&#8221;center&#8221; custom_margin=&#8221;||||false|false&#8221; custom_padding=&#8221;|5vw||6vw|false|false&#8221; custom_padding_tablet=&#8221;||||false|false&#8221; custom_padding_phone=&#8221;|5vw||6vw|false|false&#8221; locked=&#8221;off&#8221;][et_pb_column_inner type=&#8221;1_2&#8243; saved_specialty_column_type=&#8221;3_4&#8243; _builder_version=&#8221;4.1&#8243; background_enable_color=&#8221;off&#8221; background_enable_image=&#8221;off&#8221; custom_padding=&#8221;||||false|false&#8221; custom_padding_tablet=&#8221;|10%||10%||true&#8221; custom_padding_last_edited=&#8221;off|desktop&#8221; custom_padding__hover=&#8221;|||&#8221;][et_pb_text _builder_version=&#8221;4.1&#8243; text_font=&#8221;|700|||||||&#8221; text_text_color=&#8221;#ffffff&#8221; text_font_size=&#8221;20px&#8221; custom_padding=&#8221;|5vw|||false|false&#8221;]<\/p>\n<p><span style=\"font-size: 16px;\">Siguiente en \u201c<strong>Internacionalizaci\u00f3n de servicios creativos\u201d<\/strong><\/span><\/p>\n<p><span>Internacionalizaci\u00f3n del sector audiovisual<\/span><\/p>\n<p>[\/et_pb_text][et_pb_code _builder_version=&#8221;4.1&#8243;][\/et_pb_code][\/et_pb_column_inner][et_pb_column_inner type=&#8221;1_2&#8243; saved_specialty_column_type=&#8221;3_4&#8243; _builder_version=&#8221;4.1&#8243; background_enable_color=&#8221;off&#8221; background_enable_image=&#8221;off&#8221; custom_padding=&#8221;||||false|false&#8221; custom_padding_tablet=&#8221;|10%||10%||true&#8221; custom_padding_last_edited=&#8221;off|desktop&#8221; custom_padding__hover=&#8221;|||&#8221;][et_pb_button _builder_version=&#8221;4.1&#8243; custom_button=&#8221;on&#8221; button_text_color=&#8221;#4d4a69&#8243; button_bg_color=&#8221;#f0f1f2&#8243; button_border_radius=&#8221;25px&#8221; button_icon=&#8221;%%19%%&#8221; button_icon_color=&#8221;rgba(0,0,0,0)&#8221; button_on_hover=&#8221;off&#8221;][\/et_pb_button][dsm_button button_one_text=&#8221;Anterior&#8221; button_one_url=&#8221;https:\/\/cursosec.unit.la\/index.php\/servicios-creativos-contenido-01&#8243; button_two_text=&#8221;Siguiente&#8221; button_two_url=&#8221;https:\/\/cursosec.unit.la\/index.php\/servicios-creativos-contenido-03&#8243; _builder_version=&#8221;4.1&#8243; custom_button_one=&#8221;on&#8221; button_one_text_color=&#8221;#4d4a69&#8243; button_one_bg_color=&#8221;#f0f1f2&#8243; button_one_border_radius=&#8221;25px&#8221; button_one_icon=&#8221;%%19%%&#8221; button_one_icon_placement=&#8221;left&#8221; button_one_custom_margin=&#8221;||||false|false&#8221; button_one_custom_padding=&#8221;||||false|false&#8221; custom_button_two=&#8221;on&#8221; button_two_text_color=&#8221;#ffffff&#8221; button_two_bg_color=&#8221;#50c1b4&#8243; button_two_border_radius=&#8221;25px&#8221; button_one_border_color__hover_enabled=&#8221;on|desktop&#8221; button_one_custom_margin__hover_enabled=&#8221;on|hover&#8221;][\/dsm_button][\/et_pb_column_inner][\/et_pb_row_inner][et_pb_row_inner column_structure=&#8221;1_3,1_3,1_3&#8243; _builder_version=&#8221;4.3.2&#8243;][et_pb_column_inner type=&#8221;1_3&#8243; saved_specialty_column_type=&#8221;3_4&#8243; _builder_version=&#8221;4.3.2&#8243;][et_pb_image src=&#8221;https:\/\/cursosec.unit.la\/wp-content\/uploads\/2020\/04\/btn_sitios.png&#8221; url=&#8221;https:\/\/cursosec.unit.la\/index.php\/servicios-creativos-sitios-clave\/&#8221; align=&#8221;center&#8221; src_tablet=&#8221;https:\/\/cursosec.unit.la\/wp-content\/uploads\/2020\/04\/menu_sitios.png&#8221; src_phone=&#8221;https:\/\/cursosec.unit.la\/wp-content\/uploads\/2020\/04\/menu_sitios.png&#8221; src_last_edited=&#8221;on|phone&#8221; _builder_version=&#8221;4.3.2&#8243; box_shadow_style=&#8221;preset1&#8243; box_shadow_color=&#8221;#58bdb3&#8243;][\/et_pb_image][\/et_pb_column_inner][et_pb_column_inner type=&#8221;1_3&#8243; saved_specialty_column_type=&#8221;3_4&#8243; _builder_version=&#8221;4.3.2&#8243;][et_pb_image src=&#8221;https:\/\/cursosec.unit.la\/wp-content\/uploads\/2020\/04\/btn_parasaber.png&#8221; url=&#8221;https:\/\/cursosec.unit.la\/index.php\/servicios-creativos-para-saber-mas\/&#8221; align=&#8221;center&#8221; src_tablet=&#8221;https:\/\/cursosec.unit.la\/wp-content\/uploads\/2020\/04\/menu_parasaber.png&#8221; src_phone=&#8221;https:\/\/cursosec.unit.la\/wp-content\/uploads\/2020\/04\/menu_parasaber.png&#8221; src_last_edited=&#8221;on|phone&#8221; _builder_version=&#8221;4.3.2&#8243; module_alignment=&#8221;center&#8221; animation_style=&#8221;fade&#8221; box_shadow_style=&#8221;preset1&#8243; box_shadow_color=&#8221;#58bdb3&#8243;][\/et_pb_image][\/et_pb_column_inner][et_pb_column_inner type=&#8221;1_3&#8243; saved_specialty_column_type=&#8221;3_4&#8243; _builder_version=&#8221;4.3.2&#8243;][et_pb_image src=&#8221;https:\/\/cursosec.unit.la\/wp-content\/uploads\/2020\/04\/btn_glosario.png&#8221; url=&#8221;https:\/\/cursosec.unit.la\/index.php\/glosario\/&#8221; url_new_window=&#8221;on&#8221; align=&#8221;center&#8221; src_tablet=&#8221;https:\/\/cursosec.unit.la\/wp-content\/uploads\/2020\/04\/menu_glosario.png&#8221; src_phone=&#8221;https:\/\/cursosec.unit.la\/wp-content\/uploads\/2020\/04\/menu_glosario.png&#8221; src_last_edited=&#8221;on|phone&#8221; _builder_version=&#8221;4.3.2&#8243; module_alignment=&#8221;center&#8221; animation_style=&#8221;fade&#8221; box_shadow_style=&#8221;preset1&#8243; box_shadow_color=&#8221;#58bdb3&#8243;][\/et_pb_image][\/et_pb_column_inner][\/et_pb_row_inner][et_pb_row_inner column_structure=&#8221;1_3,1_3,1_3&#8243; _builder_version=&#8221;4.3.2&#8243; custom_padding=&#8221;0px||||false|false&#8221;][et_pb_column_inner type=&#8221;1_3&#8243; saved_specialty_column_type=&#8221;3_4&#8243; _builder_version=&#8221;4.3.2&#8243;][et_pb_image src=&#8221;https:\/\/cursosec.unit.la\/wp-content\/uploads\/2020\/04\/btn_faqs.png&#8221; url=&#8221;https:\/\/cursosec.unit.la\/index.php\/servicios-creativos-preguntas-frecuentes\/&#8221; align=&#8221;center&#8221; src_tablet=&#8221;https:\/\/cursosec.unit.la\/wp-content\/uploads\/2020\/04\/menu_preguntas.png&#8221; src_phone=&#8221;https:\/\/cursosec.unit.la\/wp-content\/uploads\/2020\/04\/menu_preguntas.png&#8221; src_last_edited=&#8221;on|desktop&#8221; _builder_version=&#8221;4.3.2&#8243; module_alignment=&#8221;center&#8221; animation_style=&#8221;fade&#8221; box_shadow_style=&#8221;preset1&#8243; box_shadow_color=&#8221;#58bdb3&#8243;][\/et_pb_image][\/et_pb_column_inner][et_pb_column_inner type=&#8221;1_3&#8243; saved_specialty_column_type=&#8221;3_4&#8243; _builder_version=&#8221;4.3.2&#8243;][et_pb_image src=&#8221;https:\/\/cursosec.unit.la\/wp-content\/uploads\/2020\/04\/btn_descargas.png&#8221; url=&#8221;https:\/\/cursosec.unit.la\/index.php\/servicios-creativos-area-de-descarga\/&#8221; align=&#8221;center&#8221; src_tablet=&#8221;https:\/\/cursosec.unit.la\/wp-content\/uploads\/2020\/04\/menu_descargas.png&#8221; src_phone=&#8221;https:\/\/cursosec.unit.la\/wp-content\/uploads\/2020\/04\/menu_descargas.png&#8221; src_last_edited=&#8221;on|phone&#8221; _builder_version=&#8221;4.3.2&#8243; module_alignment=&#8221;center&#8221; animation_style=&#8221;fade&#8221; box_shadow_style=&#8221;preset1&#8243; box_shadow_color=&#8221;#58bdb3&#8243;][\/et_pb_image][\/et_pb_column_inner][et_pb_column_inner type=&#8221;1_3&#8243; saved_specialty_column_type=&#8221;3_4&#8243; _builder_version=&#8221;4.3.2&#8243;][et_pb_image src=&#8221;https:\/\/cursosec.unit.la\/wp-content\/uploads\/2020\/04\/btn_evaluate.png&#8221; url=&#8221;https:\/\/cursosec.unit.la\/index.php\/servicios-creativos-quiz\/&#8221; align=&#8221;center&#8221; src_tablet=&#8221;https:\/\/cursosec.unit.la\/wp-content\/uploads\/2020\/04\/menu_evaluate.png&#8221; src_phone=&#8221;https:\/\/cursosec.unit.la\/wp-content\/uploads\/2020\/04\/menu_evaluate.png&#8221; src_last_edited=&#8221;on|phone&#8221; _builder_version=&#8221;4.3.2&#8243; module_alignment=&#8221;center&#8221; animation_style=&#8221;fade&#8221; box_shadow_style=&#8221;preset1&#8243; box_shadow_color=&#8221;#58bdb3&#8243;][\/et_pb_image][\/et_pb_column_inner][\/et_pb_row_inner][\/et_pb_column][et_pb_column type=&#8221;1_4&#8243; _builder_version=&#8221;3.25&#8243; custom_padding=&#8221;|||&#8221; custom_padding__hover=&#8221;|||&#8221;][et_pb_text disabled_on=&#8221;on|on|off&#8221; _builder_version=&#8221;4.3.2&#8243; text_font=&#8221;|||on|||||&#8221; text_text_color=&#8221;#ffffff&#8221; text_font_size=&#8221;15px&#8221; text_line_height=&#8221;1em&#8221; link_font=&#8221;||||||||&#8221; header_font=&#8221;||||||||&#8221; header_text_color=&#8221;#ffffff&#8221; background_color=&#8221;#58bdb3&#8243; transform_scale_tablet=&#8221;&#8221; transform_scale_phone=&#8221;&#8221; transform_scale_last_edited=&#8221;on|tablet&#8221; transform_translate=&#8221;0px|-25px&#8221; transform_translate_tablet=&#8221;0px|-19px&#8221; transform_translate_phone=&#8221;&#8221; transform_translate_last_edited=&#8221;on|phone&#8221; transform_translate_linked=&#8221;off&#8221; transform_rotate_tablet=&#8221;&#8221; transform_rotate_phone=&#8221;&#8221; transform_rotate_last_edited=&#8221;on|tablet&#8221; transform_skew_tablet=&#8221;&#8221; transform_skew_phone=&#8221;&#8221; transform_skew_last_edited=&#8221;on|tablet&#8221; transform_origin_tablet=&#8221;&#8221; transform_origin_phone=&#8221;&#8221; transform_origin_last_edited=&#8221;on|tablet&#8221; transform_styles_last_edited=&#8221;on|phone&#8221; text_orientation=&#8221;center&#8221; module_alignment=&#8221;center&#8221; min_height=&#8221;45px&#8221; custom_margin=&#8221;0px||-6px||false|false&#8221; custom_margin_tablet=&#8221;&#8221; custom_margin_phone=&#8221;||||false|false&#8221; custom_margin_last_edited=&#8221;on|desktop&#8221; custom_padding=&#8221;1vw|0vw|1vw|0vw|true|true&#8221; transform_styles_tablet=&#8221;&#8221; transform_styles_phone=&#8221;&#8221; border_radii=&#8221;off|10px|10px||&#8221; border_color_all=&#8221;#ffffff&#8221; locked=&#8221;off&#8221;]<\/p>\n<div><strong>Men\u00fa de la secci\u00f3n<\/strong><\/div>\n<p>[\/et_pb_text][et_pb_menu menu_id=&#8221;24&#8243; active_link_color=&#8221;#58bdb3&#8243; disabled_on=&#8221;on|on|off&#8221; _builder_version=&#8221;4.3.2&#8243; locked=&#8221;off&#8221;][\/et_pb_menu][\/et_pb_column][\/et_pb_section]<\/p>\n","protected":false},"excerpt":{"rendered":"<p>[et_pb_section fb_built=&#8221;1&#8243; use_custom_gutter=&#8221;on&#8221; gutter_width=&#8221;2&#8243; specialty=&#8221;on&#8221; custom_padding_last_edited=&#8221;on|phone&#8221; background_color_1=&#8221;#ffffff&#8221; background_color_2=&#8221;#ffffff&#8221; padding_top_bottom_link_1=&#8221;false&#8221; padding_top_bottom_link_2=&#8221;false&#8221; padding_left_right_link_1=&#8221;false&#8221; padding_left_right_link_2=&#8221;false&#8221; padding_top_2=&#8221;2vw&#8221; padding_right_2=&#8221;2vw&#8221; padding_bottom_2=&#8221;5vw&#8221; padding_left_2=&#8221;2vw&#8221; padding_1_tablet=&#8221;7vw||7vw||false|false&#8221; padding_2_tablet=&#8221;||5vw||false|false&#8221; padding_1_phone=&#8221;7vw||7vw||false|false&#8221; padding_2_phone=&#8221;|9vw|9vw|9vw|false|false&#8221; padding_1_last_edited=&#8221;on|phone&#8221; padding_2_last_edited=&#8221;on|phone&#8221; module_id_2=&#8221;sticky&#8221; _builder_version=&#8221;4.3.2&#8243; background_color=&#8221;#ffffff&#8221; background_enable_image=&#8221;off&#8221; background_size=&#8221;contain&#8221; background_repeat=&#8221;space&#8221; background_blend=&#8221;darken&#8221; transform_scale_tablet=&#8221;&#8221; transform_scale_phone=&#8221;&#8221; transform_scale_last_edited=&#8221;on|desktop&#8221; transform_translate_tablet=&#8221;&#8221; transform_translate_phone=&#8221;&#8221; transform_translate_last_edited=&#8221;on|desktop&#8221; transform_rotate_tablet=&#8221;&#8221; transform_rotate_phone=&#8221;&#8221; transform_rotate_last_edited=&#8221;on|desktop&#8221; transform_skew_tablet=&#8221;&#8221; transform_skew_phone=&#8221;&#8221; transform_skew_last_edited=&#8221;on|desktop&#8221; transform_origin_tablet=&#8221;&#8221; transform_origin_phone=&#8221;&#8221; transform_origin_last_edited=&#8221;on|desktop&#8221; transform_styles_last_edited=&#8221;on|desktop&#8221; inner_width=&#8221;100%&#8221; inner_max_width=&#8221;99%&#8221; inner_module_alignment=&#8221;left&#8221; custom_margin=&#8221;-2px||||false|false&#8221; custom_padding=&#8221;0px|2vw|0px|0px|false|false&#8221; custom_padding_tablet=&#8221;|||3vw|false|false&#8221; custom_padding_phone=&#8221;||||false|false&#8221; transform_styles_tablet=&#8221;&#8221; transform_styles_phone=&#8221;&#8221; border_width_top=&#8221;2px&#8221; [&hellip;]<\/p>\n","protected":false},"author":1,"featured_media":0,"parent":0,"menu_order":0,"comment_status":"closed","ping_status":"closed","template":"","meta":{"_et_pb_use_builder":"on","_et_pb_old_content":"<!-- wp:divi\/placeholder \/-->","_et_gb_content_width":""},"_links":{"self":[{"href":"https:\/\/cursosec.unit.la\/index.php\/wp-json\/wp\/v2\/pages\/50964"}],"collection":[{"href":"https:\/\/cursosec.unit.la\/index.php\/wp-json\/wp\/v2\/pages"}],"about":[{"href":"https:\/\/cursosec.unit.la\/index.php\/wp-json\/wp\/v2\/types\/page"}],"author":[{"embeddable":true,"href":"https:\/\/cursosec.unit.la\/index.php\/wp-json\/wp\/v2\/users\/1"}],"replies":[{"embeddable":true,"href":"https:\/\/cursosec.unit.la\/index.php\/wp-json\/wp\/v2\/comments?post=50964"}],"version-history":[{"count":14,"href":"https:\/\/cursosec.unit.la\/index.php\/wp-json\/wp\/v2\/pages\/50964\/revisions"}],"predecessor-version":[{"id":55995,"href":"https:\/\/cursosec.unit.la\/index.php\/wp-json\/wp\/v2\/pages\/50964\/revisions\/55995"}],"wp:attachment":[{"href":"https:\/\/cursosec.unit.la\/index.php\/wp-json\/wp\/v2\/media?parent=50964"}],"curies":[{"name":"wp","href":"https:\/\/api.w.org\/{rel}","templated":true}]}}