{"id":50679,"date":"2019-11-21T09:52:58","date_gmt":"2019-11-21T12:52:58","guid":{"rendered":"https:\/\/cursosec.unit.la\/?page_id=50679"},"modified":"2020-04-29T02:25:49","modified_gmt":"2020-04-29T05:25:49","slug":"g2-sitios_clave-emprender-formalmente","status":"publish","type":"page","link":"https:\/\/cursosec.unit.la\/index.php\/g2-sitios_clave-emprender-formalmente\/","title":{"rendered":"G2-sitios_clave-Emprender formalmente"},"content":{"rendered":"<p>[et_pb_section fb_built=&#8221;1&#8243; use_custom_gutter=&#8221;on&#8221; gutter_width=&#8221;2&#8243; specialty=&#8221;on&#8221; custom_padding_last_edited=&#8221;on|phone&#8221; background_color_1=&#8221;#ffffff&#8221; background_color_2=&#8221;#ffffff&#8221; padding_top_bottom_link_1=&#8221;false&#8221; padding_top_bottom_link_2=&#8221;false&#8221; padding_left_right_link_1=&#8221;false&#8221; padding_left_right_link_2=&#8221;false&#8221; padding_top_2=&#8221;2vw&#8221; padding_right_1=&#8221;5vw&#8221; padding_right_2=&#8221;2vw&#8221; padding_bottom_2=&#8221;5vw&#8221; padding_left_1=&#8221;6vw&#8221; padding_left_2=&#8221;2vw&#8221; padding_1_tablet=&#8221;7vw||7vw||false|false&#8221; padding_2_tablet=&#8221;||5vw||false|false&#8221; padding_1_phone=&#8221;7vw|3vw|7vw|5vw|false|false&#8221; padding_2_phone=&#8221;|9vw|9vw|9vw|false|false&#8221; padding_1_last_edited=&#8221;on|desktop&#8221; padding_2_last_edited=&#8221;on|phone&#8221; module_id_2=&#8221;sticky&#8221; _builder_version=&#8221;4.3.2&#8243; background_color=&#8221;#ffffff&#8221; background_enable_image=&#8221;off&#8221; background_size=&#8221;contain&#8221; background_repeat=&#8221;space&#8221; background_blend=&#8221;darken&#8221; transform_scale_tablet=&#8221;&#8221; transform_scale_phone=&#8221;&#8221; transform_scale_last_edited=&#8221;on|desktop&#8221; transform_translate_tablet=&#8221;&#8221; transform_translate_phone=&#8221;&#8221; transform_translate_last_edited=&#8221;on|desktop&#8221; transform_rotate_tablet=&#8221;&#8221; transform_rotate_phone=&#8221;&#8221; transform_rotate_last_edited=&#8221;on|desktop&#8221; transform_skew_tablet=&#8221;&#8221; transform_skew_phone=&#8221;&#8221; transform_skew_last_edited=&#8221;on|desktop&#8221; transform_origin_tablet=&#8221;&#8221; transform_origin_phone=&#8221;&#8221; transform_origin_last_edited=&#8221;on|desktop&#8221; transform_styles_last_edited=&#8221;on|desktop&#8221; inner_width=&#8221;100%&#8221; inner_max_width=&#8221;99%&#8221; inner_module_alignment=&#8221;left&#8221; custom_margin=&#8221;||||false|false&#8221; custom_padding=&#8221;0px|2vw|0px|0px|false|false&#8221; custom_padding_tablet=&#8221;|||3vw|false|false&#8221; custom_padding_phone=&#8221;||||false|false&#8221; transform_styles_tablet=&#8221;&#8221; transform_styles_phone=&#8221;&#8221; border_width_top=&#8221;2px&#8221; border_color_top=&#8221;#57bcb3&#8243; border_color_bottom=&#8221;#57bcb3&#8243; gutter_width__hover_enabled=&#8221;on|desktop&#8221; gutter_width__hover=&#8221;2&#8243;][et_pb_column type=&#8221;3_4&#8243; specialty_columns=&#8221;3&#8243; _builder_version=&#8221;3.25&#8243; custom_padding=&#8221;|||&#8221; custom_padding__hover=&#8221;|||&#8221;][et_pb_row_inner use_custom_gutter=&#8221;on&#8221; module_id=&#8221;Estrategia_y_tramites_para_la_internacionalizacion&#8221; _builder_version=&#8221;4.0.6&#8243; background_enable_color=&#8221;off&#8221; custom_margin=&#8221;||||false|false&#8221; custom_padding=&#8221;||0px||false|false&#8221;][et_pb_column_inner saved_specialty_column_type=&#8221;3_4&#8243; _builder_version=&#8221;4.0.6&#8243; custom_padding=&#8221;||||false|false&#8221;][et_pb_text _builder_version=&#8221;4.0.7&#8243; text_font=&#8221;||||||||&#8221; text_text_color=&#8221;#181c44&#8243; text_font_size=&#8221;16px&#8221; link_font=&#8221;|||||||#181c44|&#8221; link_text_color=&#8221;#181c44&#8243; custom_padding=&#8221;||3vw||false|false&#8221; locked=&#8221;off&#8221;]<\/p>\n<div style=\"text-align: left;\"><a href=\"https:\/\/cursosec.unit.la\/index.php\">Inicio<\/a>\u00a0 \u00a0<strong><span style=\"color: #f78f2b;\">&gt;&gt;<\/span><\/strong>\u00a0 \u00a0<a href=\"https:\/\/cursosec.unit.la\/index.php\/g2-contenido-00-emprender-formalmente\">Emprender Formalmente<\/a>\u00a0 \u00a0<span style=\"color: #f78f2b;\"><strong>&gt;&gt;\u00a0\u00a0<\/strong><\/span>\u00a0<strong>Sitios Clave<\/strong><\/div>\n<p>[\/et_pb_text][et_pb_text module_id=&#8221;etapa_preparacion&#8221; _builder_version=&#8221;4.0.7&#8243; text_font=&#8221;Open Sans|800||on|||||&#8221; text_text_color=&#8221;#50C1B4&#8243; text_font_size=&#8221;33px&#8221; text_line_height=&#8221;1.2em&#8221; background_color=&#8221;50C1B4&#8243; custom_padding=&#8221;1vw||1vw||false|false&#8221; custom_padding_tablet=&#8221;2vw||2vw||false|false&#8221; custom_padding_phone=&#8221;3vw||2vw||false|false&#8221; custom_padding_last_edited=&#8221;on|desktop&#8221; custom_css_main_element=&#8221;padding: .5rem;||display: inline-block;&#8221; border_width_all=&#8221;4px&#8221; border_color_all=&#8221;#f78f2b&#8221; border_style_all=&#8221;none&#8221; custom_padding__hover_enabled=&#8221;on|hover&#8221; custom_padding__hover_tablet=&#8221;3vw||||false|false&#8221; custom_padding__hover=&#8221;||||false|false&#8221;]<\/p>\n<p>Sitios Clave<\/p>\n<p>[\/et_pb_text][et_pb_text _builder_version=&#8221;4.0.7&#8243; text_font_size=&#8221;16px&#8221; link_font=&#8221;|600|||||||&#8221; link_text_color=&#8221;#f28c18&#8243; link_font_size=&#8221;16px&#8221;]<\/p>\n<p><span style=\"font-weight: 400;\">En el apartado 5 <\/span><b>\u201c<a href=\"https:\/\/cursosec.unit.la\/index.php\/g2-contenido-05-emprender-formalmente\">\u00bfQu\u00e9 oportunidades y beneficios hay para los emprendedores creativos<\/a>\u201d<\/b><span style=\"font-weight: 400;\"> , podr\u00e1s encontrar una descripci\u00f3n de las instituciones relevantes ordenadas en funci\u00f3n de las diferentes etapas en las que se puede encontrar tu emprendimiento:<\/span><\/p>\n<p style=\"padding-left: 30px;\"><span style=\"font-weight: 400;\">\u2022\u00a0 Etapa de <\/span><b>preparaci\u00f3n<\/b><span style=\"font-weight: 400;\">: comienza con la formulaci\u00f3n de la idea y termina con el dise\u00f1o de un modelo de negocios.<\/span><\/p>\n<p style=\"padding-left: 30px;\"><span style=\"font-weight: 400;\"><span>\u2022\u00a0 <\/span>Etapa de <\/span><b>validaci\u00f3n<\/b><span style=\"font-weight: 400;\">: comienza con el dise\u00f1o del modelo de negocios y termina con la formulaci\u00f3n viable del modelo.<\/span><\/p>\n<p style=\"padding-left: 30px;\"><span style=\"font-weight: 400;\"><span>\u2022\u00a0 <\/span>Etapa de <\/span><b>consolidaci\u00f3n y crecimiento<\/b><span style=\"font-weight: 400;\">: comienza con la primera venta y termina en un modelo de negocios rentable.<\/span><\/p>\n<p><span style=\"font-weight: 400;\">En cualquier caso, recuerda que existen los siguientes <\/span><b>canales de informaci\u00f3n para el emprendedor creativo<\/b><span style=\"font-weight: 400;\">:<\/span><\/p>\n<p>&nbsp;<\/p>\n<p><span style=\"color: #57bcb3;\"><b>MINISTERIO DE LAS CULTURAS, LAS ARTES Y EL PATRIMONIO<\/b><\/span><\/p>\n<p><span style=\"color: #57bcb3;\"><b><\/b><\/span><\/p>\n<p><span style=\"font-weight: 400;\">El Ministerio de las Culturas, las Artes y el Patrimonio\u00a0 cuenta con <\/span><strong><a href=\"https:\/\/www.cultura.gob.cl\/atencion-ciudadana\/oirs\/\" target=\"_blank\" rel=\"noopener noreferrer\">su propio canal de consultas<\/a><\/strong><span style=\"font-weight: 400;\"> (conocidos como OIRS, Oficinas de Informaci\u00f3n, Reclamos y Sugerencias). De forma presencial, telef\u00f3nica o a trav\u00e9s de su formulario de atenci\u00f3n ciudadana, en su sitio web podr\u00e1s realizar cualquier consulta. Por ejemplo, si tienes dudas respecto de c\u00f3mo delimitar\u00a0 la esfera de acci\u00f3n de tu emprendimiento o no sabes qu\u00e9 Fondo de Cultura abarca tu tipo de actividad o qu\u00e9 pol\u00edtica sectorial est\u00e1 dirigida al \u00e1mbito de tus labores, debes despejarlas con la oficina responsable del ministerio.<\/span><\/p>\n<p>&nbsp;<\/p>\n<p><span style=\"color: #57bcb3;\"><b>SERVICIO NACIONAL DE IMPUESTOS INTERNOS<\/b><\/span><\/p>\n<p><span style=\"font-weight: 400;\">El SII cuenta con un <\/span><a href=\"https:\/\/capacita.sii.cl\/\" target=\"_blank\" rel=\"noopener noreferrer\">portal de capacitaci\u00f3n<\/a><span style=\"font-weight: 400;\"> sobre temas tributarios donde los emprendedores podr\u00e1n encontrar la informaci\u00f3n que necesitan.\u00a0 Cuenta con diferentes cursos dise\u00f1ados para usuarios b\u00e1sicos, entre los que figura uno sobre Formalizaci\u00f3n e Inicio de Actividades. As\u00ed mismo, el Servicio de Impuestos Internos tiene a disposici\u00f3n de los usuarios su <\/span><a href=\"http:\/\/www.sii.cl\/mipyme\/emprendedor\/\" target=\"_blank\" rel=\"noopener noreferrer\">Gu\u00eda del Emprendedor<\/a><span style=\"font-weight: 400;\">.<\/span><\/p>\n<p>[\/et_pb_text][\/et_pb_column_inner][\/et_pb_row_inner][et_pb_row_inner column_structure=&#8221;1_3,1_3,1_3&#8243; _builder_version=&#8221;4.3.2&#8243;][et_pb_column_inner type=&#8221;1_3&#8243; saved_specialty_column_type=&#8221;3_4&#8243; _builder_version=&#8221;4.3.2&#8243;][et_pb_image src=&#8221;https:\/\/cursosec.unit.la\/wp-content\/uploads\/2020\/04\/btn_mejores-2.png&#8221; url=&#8221;https:\/\/cursosec.unit.la\/index.php\/g2-las-mejores-practicas-emprender-formalmente\/&#8221; align=&#8221;center&#8221; src_tablet=&#8221;https:\/\/cursosec.unit.la\/wp-content\/uploads\/2020\/04\/Recurso-9-1.png&#8221; src_phone=&#8221;https:\/\/cursosec.unit.la\/wp-content\/uploads\/2020\/04\/Recurso-9-1.png&#8221; src_last_edited=&#8221;on|phone&#8221; _builder_version=&#8221;4.3.2&#8243; width_tablet=&#8221;53%&#8221; width_phone=&#8221;84%&#8221; width_last_edited=&#8221;on|phone&#8221; module_alignment=&#8221;center&#8221; animation_style=&#8221;fade&#8221; box_shadow_style=&#8221;preset1&#8243; box_shadow_color=&#8221;#58bdb3&#8243;][\/et_pb_image][\/et_pb_column_inner][et_pb_column_inner type=&#8221;1_3&#8243; saved_specialty_column_type=&#8221;3_4&#8243; _builder_version=&#8221;4.3.2&#8243;][et_pb_image src=&#8221;https:\/\/cursosec.unit.la\/wp-content\/uploads\/2020\/04\/btn_sitios.png&#8221; url=&#8221;https:\/\/cursosec.unit.la\/index.php\/g2-sitios_clave-emprender-formalmente\/&#8221; align=&#8221;center&#8221; src_tablet=&#8221;https:\/\/cursosec.unit.la\/wp-content\/uploads\/2020\/04\/menu_sitios.png&#8221; src_phone=&#8221;https:\/\/cursosec.unit.la\/wp-content\/uploads\/2020\/04\/menu_sitios.png&#8221; src_last_edited=&#8221;on|phone&#8221; _builder_version=&#8221;4.3.2&#8243; box_shadow_style=&#8221;preset1&#8243; box_shadow_color=&#8221;#58bdb3&#8243;][\/et_pb_image][\/et_pb_column_inner][et_pb_column_inner type=&#8221;1_3&#8243; saved_specialty_column_type=&#8221;3_4&#8243; _builder_version=&#8221;4.3.2&#8243;][et_pb_image src=&#8221;https:\/\/cursosec.unit.la\/wp-content\/uploads\/2020\/04\/btn_parasaber.png&#8221; url=&#8221;https:\/\/cursosec.unit.la\/index.php\/g2-para_saber_mas-emprender-formalmente\/&#8221; align=&#8221;center&#8221; src_tablet=&#8221;https:\/\/cursosec.unit.la\/wp-content\/uploads\/2020\/04\/menu_parasaber.png&#8221; src_phone=&#8221;https:\/\/cursosec.unit.la\/wp-content\/uploads\/2020\/04\/menu_parasaber.png&#8221; src_last_edited=&#8221;on|phone&#8221; _builder_version=&#8221;4.3.2&#8243; module_alignment=&#8221;center&#8221; animation_style=&#8221;fade&#8221; box_shadow_style=&#8221;preset1&#8243; box_shadow_color=&#8221;#58bdb3&#8243;][\/et_pb_image][\/et_pb_column_inner][\/et_pb_row_inner][et_pb_row_inner column_structure=&#8221;1_3,1_3,1_3&#8243; _builder_version=&#8221;4.3.2&#8243; custom_padding=&#8221;0px||||false|false&#8221;][et_pb_column_inner type=&#8221;1_3&#8243; saved_specialty_column_type=&#8221;3_4&#8243; _builder_version=&#8221;4.3.2&#8243;][et_pb_image src=&#8221;https:\/\/cursosec.unit.la\/wp-content\/uploads\/2020\/04\/btn_glosario.png&#8221; url=&#8221;https:\/\/cursosec.unit.la\/index.php\/glosario\/&#8221; url_new_window=&#8221;on&#8221; align=&#8221;center&#8221; src_tablet=&#8221;https:\/\/cursosec.unit.la\/wp-content\/uploads\/2020\/04\/menu_glosario.png&#8221; src_phone=&#8221;https:\/\/cursosec.unit.la\/wp-content\/uploads\/2020\/04\/menu_glosario.png&#8221; src_last_edited=&#8221;on|phone&#8221; _builder_version=&#8221;4.3.2&#8243; module_alignment=&#8221;center&#8221; animation_style=&#8221;fade&#8221; box_shadow_style=&#8221;preset1&#8243; box_shadow_color=&#8221;#58bdb3&#8243;][\/et_pb_image][\/et_pb_column_inner][et_pb_column_inner type=&#8221;1_3&#8243; saved_specialty_column_type=&#8221;3_4&#8243; _builder_version=&#8221;4.3.2&#8243;][et_pb_image src=&#8221;https:\/\/cursosec.unit.la\/wp-content\/uploads\/2020\/04\/btn_descargas.png&#8221; url=&#8221;https:\/\/cursosec.unit.la\/index.php\/g2-area-de-descarga-emprender-formalmente\/&#8221; align=&#8221;center&#8221; src_tablet=&#8221;https:\/\/cursosec.unit.la\/wp-content\/uploads\/2020\/04\/menu_descargas.png&#8221; src_phone=&#8221;https:\/\/cursosec.unit.la\/wp-content\/uploads\/2020\/04\/menu_descargas.png&#8221; src_last_edited=&#8221;on|phone&#8221; _builder_version=&#8221;4.3.2&#8243; module_alignment=&#8221;center&#8221; animation_style=&#8221;fade&#8221; box_shadow_style=&#8221;preset1&#8243; box_shadow_color=&#8221;#58bdb3&#8243;][\/et_pb_image][\/et_pb_column_inner][et_pb_column_inner type=&#8221;1_3&#8243; saved_specialty_column_type=&#8221;3_4&#8243; _builder_version=&#8221;4.3.2&#8243;][et_pb_image src=&#8221;https:\/\/cursosec.unit.la\/wp-content\/uploads\/2020\/04\/btn_evaluate.png&#8221; url=&#8221;https:\/\/cursosec.unit.la\/index.php\/g2-emprender-formalmente-quiz\/&#8221; align=&#8221;center&#8221; src_tablet=&#8221;https:\/\/cursosec.unit.la\/wp-content\/uploads\/2020\/04\/menu_evaluate.png&#8221; src_phone=&#8221;https:\/\/cursosec.unit.la\/wp-content\/uploads\/2020\/04\/menu_evaluate.png&#8221; src_last_edited=&#8221;on|phone&#8221; _builder_version=&#8221;4.3.2&#8243; module_alignment=&#8221;center&#8221; animation_style=&#8221;fade&#8221; box_shadow_style=&#8221;preset1&#8243; box_shadow_color=&#8221;#58bdb3&#8243;][\/et_pb_image][\/et_pb_column_inner][\/et_pb_row_inner][\/et_pb_column][et_pb_column type=&#8221;1_4&#8243; _builder_version=&#8221;3.25&#8243; custom_padding=&#8221;|||&#8221; custom_padding__hover=&#8221;|||&#8221;][et_pb_text disabled_on=&#8221;on|on|off&#8221; _builder_version=&#8221;4.3.2&#8243; text_font=&#8221;|||on|||||&#8221; text_text_color=&#8221;#ffffff&#8221; text_font_size=&#8221;15px&#8221; text_line_height=&#8221;1em&#8221; link_font=&#8221;||||||||&#8221; header_font=&#8221;||||||||&#8221; header_text_color=&#8221;#ffffff&#8221; background_color=&#8221;#58bdb3&#8243; transform_scale_tablet=&#8221;&#8221; transform_scale_phone=&#8221;&#8221; transform_scale_last_edited=&#8221;on|tablet&#8221; transform_translate=&#8221;0px|-25px&#8221; transform_translate_tablet=&#8221;0px|-19px&#8221; transform_translate_phone=&#8221;&#8221; transform_translate_last_edited=&#8221;on|phone&#8221; transform_translate_linked=&#8221;off&#8221; transform_rotate_tablet=&#8221;&#8221; transform_rotate_phone=&#8221;&#8221; transform_rotate_last_edited=&#8221;on|tablet&#8221; transform_skew_tablet=&#8221;&#8221; transform_skew_phone=&#8221;&#8221; transform_skew_last_edited=&#8221;on|tablet&#8221; transform_origin_tablet=&#8221;&#8221; transform_origin_phone=&#8221;&#8221; transform_origin_last_edited=&#8221;on|tablet&#8221; transform_styles_last_edited=&#8221;on|phone&#8221; text_orientation=&#8221;center&#8221; module_alignment=&#8221;center&#8221; min_height=&#8221;45px&#8221; custom_margin=&#8221;0px||-6px||false|false&#8221; custom_margin_tablet=&#8221;&#8221; custom_margin_phone=&#8221;||||false|false&#8221; custom_margin_last_edited=&#8221;on|desktop&#8221; custom_padding=&#8221;1vw|0vw|1vw|0vw|true|true&#8221; transform_styles_tablet=&#8221;&#8221; transform_styles_phone=&#8221;&#8221; border_radii=&#8221;off|10px|10px||&#8221; border_color_all=&#8221;#ffffff&#8221; locked=&#8221;off&#8221;]<\/p>\n<div><strong>Men\u00fa de la secci\u00f3n<\/strong><\/div>\n<p>[\/et_pb_text][et_pb_menu menu_id=&#8221;22&#8243; active_link_color=&#8221;#58bdb3&#8243; disabled_on=&#8221;on|on|off&#8221; _builder_version=&#8221;4.3.2&#8243; locked=&#8221;off&#8221;][\/et_pb_menu][\/et_pb_column][\/et_pb_section]<\/p>\n","protected":false},"excerpt":{"rendered":"<p>[et_pb_section fb_built=&#8221;1&#8243; use_custom_gutter=&#8221;on&#8221; gutter_width=&#8221;2&#8243; specialty=&#8221;on&#8221; custom_padding_last_edited=&#8221;on|phone&#8221; background_color_1=&#8221;#ffffff&#8221; background_color_2=&#8221;#ffffff&#8221; padding_top_bottom_link_1=&#8221;false&#8221; padding_top_bottom_link_2=&#8221;false&#8221; padding_left_right_link_1=&#8221;false&#8221; padding_left_right_link_2=&#8221;false&#8221; padding_top_2=&#8221;2vw&#8221; padding_right_1=&#8221;5vw&#8221; padding_right_2=&#8221;2vw&#8221; padding_bottom_2=&#8221;5vw&#8221; padding_left_1=&#8221;6vw&#8221; padding_left_2=&#8221;2vw&#8221; padding_1_tablet=&#8221;7vw||7vw||false|false&#8221; padding_2_tablet=&#8221;||5vw||false|false&#8221; padding_1_phone=&#8221;7vw|3vw|7vw|5vw|false|false&#8221; padding_2_phone=&#8221;|9vw|9vw|9vw|false|false&#8221; padding_1_last_edited=&#8221;on|desktop&#8221; padding_2_last_edited=&#8221;on|phone&#8221; module_id_2=&#8221;sticky&#8221; _builder_version=&#8221;4.3.2&#8243; background_color=&#8221;#ffffff&#8221; background_enable_image=&#8221;off&#8221; background_size=&#8221;contain&#8221; background_repeat=&#8221;space&#8221; background_blend=&#8221;darken&#8221; transform_scale_tablet=&#8221;&#8221; transform_scale_phone=&#8221;&#8221; transform_scale_last_edited=&#8221;on|desktop&#8221; transform_translate_tablet=&#8221;&#8221; transform_translate_phone=&#8221;&#8221; transform_translate_last_edited=&#8221;on|desktop&#8221; transform_rotate_tablet=&#8221;&#8221; transform_rotate_phone=&#8221;&#8221; transform_rotate_last_edited=&#8221;on|desktop&#8221; transform_skew_tablet=&#8221;&#8221; transform_skew_phone=&#8221;&#8221; transform_skew_last_edited=&#8221;on|desktop&#8221; transform_origin_tablet=&#8221;&#8221; transform_origin_phone=&#8221;&#8221; transform_origin_last_edited=&#8221;on|desktop&#8221; transform_styles_last_edited=&#8221;on|desktop&#8221; inner_width=&#8221;100%&#8221; inner_max_width=&#8221;99%&#8221; inner_module_alignment=&#8221;left&#8221; custom_margin=&#8221;||||false|false&#8221; custom_padding=&#8221;0px|2vw|0px|0px|false|false&#8221; custom_padding_tablet=&#8221;|||3vw|false|false&#8221; custom_padding_phone=&#8221;||||false|false&#8221; transform_styles_tablet=&#8221;&#8221; [&hellip;]<\/p>\n","protected":false},"author":1,"featured_media":0,"parent":0,"menu_order":0,"comment_status":"closed","ping_status":"closed","template":"","meta":{"_et_pb_use_builder":"on","_et_pb_old_content":"","_et_gb_content_width":""},"_links":{"self":[{"href":"https:\/\/cursosec.unit.la\/index.php\/wp-json\/wp\/v2\/pages\/50679"}],"collection":[{"href":"https:\/\/cursosec.unit.la\/index.php\/wp-json\/wp\/v2\/pages"}],"about":[{"href":"https:\/\/cursosec.unit.la\/index.php\/wp-json\/wp\/v2\/types\/page"}],"author":[{"embeddable":true,"href":"https:\/\/cursosec.unit.la\/index.php\/wp-json\/wp\/v2\/users\/1"}],"replies":[{"embeddable":true,"href":"https:\/\/cursosec.unit.la\/index.php\/wp-json\/wp\/v2\/comments?post=50679"}],"version-history":[{"count":8,"href":"https:\/\/cursosec.unit.la\/index.php\/wp-json\/wp\/v2\/pages\/50679\/revisions"}],"predecessor-version":[{"id":55818,"href":"https:\/\/cursosec.unit.la\/index.php\/wp-json\/wp\/v2\/pages\/50679\/revisions\/55818"}],"wp:attachment":[{"href":"https:\/\/cursosec.unit.la\/index.php\/wp-json\/wp\/v2\/media?parent=50679"}],"curies":[{"name":"wp","href":"https:\/\/api.w.org\/{rel}","templated":true}]}}