{"id":49642,"date":"2019-11-05T15:43:23","date_gmt":"2019-11-05T18:43:23","guid":{"rendered":"https:\/\/cursosec.unit.la\/?page_id=49642"},"modified":"2020-05-04T03:17:33","modified_gmt":"2020-05-04T06:17:33","slug":"g3-contenido-03-bienes-creativos","status":"publish","type":"page","link":"https:\/\/cursosec.unit.la\/index.php\/g3-contenido-03-bienes-creativos\/","title":{"rendered":"G3-CONTENIDO-03-Bienes creativos"},"content":{"rendered":"<p>[et_pb_section fb_built=&#8221;1&#8243; use_custom_gutter=&#8221;on&#8221; gutter_width=&#8221;2&#8243; specialty=&#8221;on&#8221; custom_padding_last_edited=&#8221;on|phone&#8221; background_color_1=&#8221;#ffffff&#8221; background_color_2=&#8221;#ffffff&#8221; padding_top_bottom_link_1=&#8221;false&#8221; padding_top_bottom_link_2=&#8221;false&#8221; padding_left_right_link_1=&#8221;false&#8221; padding_left_right_link_2=&#8221;false&#8221; padding_top_2=&#8221;2vw&#8221; padding_right_2=&#8221;2vw&#8221; padding_bottom_2=&#8221;5vw&#8221; padding_left_2=&#8221;2vw&#8221; padding_1_tablet=&#8221;7vw||7vw||false|false&#8221; padding_2_tablet=&#8221;||5vw||false|false&#8221; padding_1_phone=&#8221;7vw||7vw||false|false&#8221; padding_2_phone=&#8221;|9vw|9vw|9vw|false|false&#8221; padding_1_last_edited=&#8221;on|phone&#8221; padding_2_last_edited=&#8221;on|phone&#8221; module_id_2=&#8221;sticky&#8221; _builder_version=&#8221;4.3.2&#8243; background_color=&#8221;#ffffff&#8221; background_enable_image=&#8221;off&#8221; background_size=&#8221;contain&#8221; background_repeat=&#8221;space&#8221; background_blend=&#8221;darken&#8221; transform_scale_tablet=&#8221;&#8221; transform_scale_phone=&#8221;&#8221; transform_scale_last_edited=&#8221;on|desktop&#8221; transform_translate_tablet=&#8221;&#8221; transform_translate_phone=&#8221;&#8221; transform_translate_last_edited=&#8221;on|desktop&#8221; transform_rotate_tablet=&#8221;&#8221; transform_rotate_phone=&#8221;&#8221; transform_rotate_last_edited=&#8221;on|desktop&#8221; transform_skew_tablet=&#8221;&#8221; transform_skew_phone=&#8221;&#8221; transform_skew_last_edited=&#8221;on|desktop&#8221; transform_origin_tablet=&#8221;&#8221; transform_origin_phone=&#8221;&#8221; transform_origin_last_edited=&#8221;on|desktop&#8221; transform_styles_last_edited=&#8221;on|desktop&#8221; inner_width=&#8221;100%&#8221; inner_max_width=&#8221;99%&#8221; inner_module_alignment=&#8221;left&#8221; custom_margin=&#8221;-3px||||false|false&#8221; custom_padding=&#8221;0px|2vw|0px|0px|false|false&#8221; custom_padding_tablet=&#8221;|||3vw|false|false&#8221; custom_padding_phone=&#8221;||||false|false&#8221; transform_styles_tablet=&#8221;&#8221; transform_styles_phone=&#8221;&#8221; border_width_top=&#8221;2px&#8221; border_color_top=&#8221;#57bcb3&#8243; border_color_bottom=&#8221;#57bcb3&#8243; locked=&#8221;off&#8221; gutter_width__hover_enabled=&#8221;on|desktop&#8221; gutter_width__hover=&#8221;2&#8243;][et_pb_column type=&#8221;3_4&#8243; specialty_columns=&#8221;3&#8243; _builder_version=&#8221;3.25&#8243; custom_padding=&#8221;|||&#8221; custom_padding__hover=&#8221;|||&#8221;][et_pb_row_inner use_custom_gutter=&#8221;on&#8221; custom_padding_last_edited=&#8221;on|phone&#8221; module_id=&#8221;Estrategia_y_tramites_para_la_internacionalizacion&#8221; _builder_version=&#8221;4.1&#8243; background_enable_color=&#8221;off&#8221; custom_margin=&#8221;||||false|false&#8221; custom_padding=&#8221;|5vw|0px|6vw|false|false&#8221; custom_padding_tablet=&#8221;&#8221; custom_padding_phone=&#8221;&#8221;][et_pb_column_inner saved_specialty_column_type=&#8221;3_4&#8243; _builder_version=&#8221;4.0.7&#8243; custom_padding=&#8221;||||false|false&#8221; custom_padding_tablet=&#8221;&#8221; custom_padding_phone=&#8221;&#8221; custom_padding_last_edited=&#8221;on|desktop&#8221;][et_pb_text _builder_version=&#8221;4.0.7&#8243; text_font=&#8221;||||||||&#8221; text_text_color=&#8221;#181c44&#8243; text_font_size=&#8221;16px&#8221; link_font=&#8221;|||||||#181c44|&#8221; link_text_color=&#8221;#181c44&#8243; custom_padding=&#8221;||3vw||false|false&#8221; locked=&#8221;off&#8221;]<\/p>\n<div style=\"text-align: left;\"><a href=\"https:\/\/cursosec.unit.la\/\">Inicio<\/a>\u00a0 \u00a0<strong><span style=\"color: #f78f2b;\">&gt;&gt;<\/span><\/strong>\u00a0 \u00a0<a href=\"https:\/\/cursosec.unit.la\/index.php\/g3-contenido-00-bienes-creativos\">Internacionalizaci\u00f3n de bienes creativos<\/a>\u00a0 \u00a0<span style=\"color: #f78f2b;\"><strong>&gt;&gt;\u00a0\u00a0<\/strong><\/span>\u00a0<b>La pr\u00e1ctica de la Internacionalizaci\u00f3n<\/b><\/div>\n<p>[\/et_pb_text][et_pb_text _builder_version=&#8221;4.0.9&#8243; text_font=&#8221;Open Sans|800||on|||||&#8221; text_text_color=&#8221;#50C1B4&#8243; text_font_size=&#8221;33px&#8221; text_line_height=&#8221;1.2em&#8221; background_color=&#8221;50C1B4&#8243; custom_padding=&#8221;1vw||1vw||false|false&#8221; text_font_size_tablet=&#8221;&#8221; text_font_size_phone=&#8221;26px&#8221; text_font_size_last_edited=&#8221;on|phone&#8221; locked=&#8221;off&#8221; custom_padding__hover_enabled=&#8221;on|desktop&#8221; custom_padding__hover_tablet=&#8221;3vw||||false|false&#8221; custom_padding__hover=&#8221;||||false|false&#8221;]<\/p>\n<p>3. LA PR\u00c1CTICA DE LA INTERNACIONALIZACI\u00d3N<\/p>\n<p>[\/et_pb_text][et_pb_text _builder_version=&#8221;3.29.3&#8243; text_font_size=&#8221;16px&#8221;]<\/p>\n<p>La internacionalizaci\u00f3n, como otras muchas cosas, puede hacerse bien o mal,\u00a0 formal o informalmente. Si te animas a internacionalizar tu obra, te recomendamos que lo hagas bien desde el principio.<\/p>\n<p>[\/et_pb_text][\/et_pb_column_inner][\/et_pb_row_inner][et_pb_row_inner column_structure=&#8221;1_2,1_2&#8243; module_id=&#8221;Como_me_beneficia_la_internacionalizacion&#8221; _builder_version=&#8221;4.1&#8243; background_enable_color=&#8221;off&#8221; custom_margin=&#8221;||||false|false&#8221; custom_margin_tablet=&#8221;6vw||||false|false&#8221; custom_margin_phone=&#8221;||||false|false&#8221; custom_margin_last_edited=&#8221;on|desktop&#8221; custom_padding=&#8221;|5vw||6vw|false|false&#8221; border_radii=&#8221;on|15px|15px|15px|15px&#8221; locked=&#8221;off&#8221;][et_pb_column_inner type=&#8221;1_2&#8243; saved_specialty_column_type=&#8221;3_4&#8243; _builder_version=&#8221;4.0.7&#8243; custom_padding=&#8221;||||false|false&#8221; custom_padding_tablet=&#8221;||||false|false&#8221; custom_padding_phone=&#8221;||||false|false&#8221; custom_padding_last_edited=&#8221;on|phone&#8221;][et_pb_image src=&#8221;https:\/\/cursosec.unit.la\/wp-content\/uploads\/2019\/11\/mano_negativa-03-150&#215;150.png&#8221; align=&#8221;center&#8221; _builder_version=&#8221;4.0.7&#8243; custom_margin=&#8221;||0px|||&#8221; custom_padding=&#8221;||0px|||&#8221; animation_style=&#8221;bounce&#8221; border_radii=&#8221;off|6vw|6vw|5vw|0vw&#8221; border_radii_tablet=&#8221;off|10vw|10vw|7vw|0vw&#8221; border_radii_phone=&#8221;off|15vw|15vw|10vw|0vw&#8221; border_radii_last_edited=&#8221;on|phone&#8221;][\/et_pb_image][et_pb_text _builder_version=&#8221;4.3.2&#8243; text_font=&#8221;||||||||&#8221; text_text_color=&#8221;#ffffff&#8221; text_font_size=&#8221;16px&#8221; background_color=&#8221;#e7393a&#8221; custom_padding=&#8221;4vw|4vw|1vw|4vw|false|true&#8221; custom_padding_tablet=&#8221;&#8221; custom_padding_phone=&#8221;&#8221; custom_padding_last_edited=&#8221;on|phone&#8221; hover_enabled=&#8221;0&#8243; border_radii=&#8221;on|2vw|2vw|2vw|2vw&#8221; border_color_all=&#8221;#f2f2f2&#8243; border_width_top=&#8221;0px&#8221; border_radii_tablet=&#8221;&#8221; border_radii_phone=&#8221;&#8221; border_radii_last_edited=&#8221;on|phone&#8221;]<\/p>\n<p>Las <strong>pr\u00e1cticas informales<\/strong> son las m\u00e1s utilizadas, pero tambi\u00e9n las m\u00e1s riesgosas. Una\u00a0 pr\u00e1ctica\u00a0 informal com\u00fan es, por ejemplo, salir en avi\u00f3n con los objetos en la maleta, sin haberlos declarado y sin haber realizado previamente los tr\u00e1mites requeridos por el <em>Servicio Nacional de Aduanas<\/em>.<\/p>\n<p>Sacar bienes creativos sin las medidas adecuadas no s\u00f3lo puede traer un mal rato producto de una fiscalizaci\u00f3n, sino que tambi\u00e9n hay mayores posibilidades de que los bienes se estropeen en el trayecto o que existan problemas de internaci\u00f3n en el pa\u00eds de destino, lo que puede implicar altos costos.<\/p>\n<p>Adem\u00e1s, la salida informal de bienes creativos no genera registros oficiales de la actividad econ\u00f3mica del sector, aminorando la medici\u00f3n de su impacto social y perjudicando el dise\u00f1o de pol\u00edticas p\u00fablicas.<\/p>\n<p>&nbsp;<\/p>\n<p>[\/et_pb_text][\/et_pb_column_inner][et_pb_column_inner type=&#8221;1_2&#8243; saved_specialty_column_type=&#8221;3_4&#8243; _builder_version=&#8221;4.0.7&#8243; custom_padding=&#8221;||||false|false&#8221; custom_padding_tablet=&#8221;||||false|false&#8221; custom_padding_phone=&#8221;||||false|false&#8221; custom_padding_last_edited=&#8221;on|phone&#8221;][et_pb_image src=&#8221;https:\/\/cursosec.unit.la\/wp-content\/uploads\/2019\/12\/mano-positva-150&#215;150.png&#8221; align=&#8221;center&#8221; _builder_version=&#8221;4.0.7&#8243; custom_margin=&#8221;||0px|||&#8221; custom_padding=&#8221;||0px|||&#8221; animation_style=&#8221;bounce&#8221; border_radii=&#8221;off|6vw|6vw|5vw|0vw&#8221; border_radii_tablet=&#8221;off|10vw|10vw|7vw|0vw&#8221; border_radii_phone=&#8221;off|15vw|15vw|10vw|0vw&#8221; border_radii_last_edited=&#8221;on|phone&#8221; locked=&#8221;off&#8221;][\/et_pb_image][et_pb_text _builder_version=&#8221;4.3.2&#8243; text_font=&#8221;||||||||&#8221; text_text_color=&#8221;#ffffff&#8221; text_font_size=&#8221;16px&#8221; background_color=&#8221;#57bcb3&#8243; custom_padding=&#8221;4vw|4vw|1vw|4vw|false|true&#8221; custom_padding_tablet=&#8221;&#8221; custom_padding_phone=&#8221;&#8221; custom_padding_last_edited=&#8221;on|phone&#8221; border_radii=&#8221;on|2vw|2vw|2vw|2vw&#8221; border_color_all=&#8221;#f2f2f2&#8243; border_width_top=&#8221;0px&#8221; border_radii_tablet=&#8221;&#8221; border_radii_phone=&#8221;&#8221; border_radii_last_edited=&#8221;on|phone&#8221;]<\/p>\n<p>Las <strong>pr\u00e1cticas formales<\/strong>, en cambio, permiten hacer las cosas bien y normalmente solo\u00a0 requiere invertir un poco de tiempo en informarse sobre los pasos a seguir. Esto, al comienzo puede parecer tedioso, pero con el tiempo las buenas pr\u00e1cticas se transforman en un h\u00e1bito que no implica un gasto extra en recursos ni energ\u00eda.<\/p>\n<p>Mediante la v\u00eda formal, el proceso se hace m\u00e1s transparente para quien internacionaliza, proporcionado la opci\u00f3n m\u00e1s adecuada y segura para la salida de su producto creativo.<\/p>\n<p>Si lo piensas bien, tu tiempo invertido en informarte ser\u00e1 compensado con creces. Puedes obtener beneficios tributarios, de transporte aduanero, recuperar impuestos, respaldar tus ingresos y ser sujeto de cr\u00e9dito.<\/p>\n<p>&nbsp;<\/p>\n<p>[\/et_pb_text][\/et_pb_column_inner][\/et_pb_row_inner][et_pb_row_inner column_structure=&#8221;1_2,1_2&#8243; use_custom_gutter=&#8221;on&#8221; gutter_width=&#8221;2&#8243; make_equal=&#8221;on&#8221; custom_padding_last_edited=&#8221;on|phone&#8221; disabled_on=&#8221;off|off|off&#8221; _builder_version=&#8221;4.1&#8243; background_color=&#8221;#4d4a69&#8243; width=&#8221;100%&#8221; max_width=&#8221;100%&#8221; module_alignment=&#8221;center&#8221; custom_margin=&#8221;||||false|false&#8221; custom_padding=&#8221;|5vw||6vw|false|false&#8221; custom_padding_tablet=&#8221;||||false|false&#8221; custom_padding_phone=&#8221;|5vw||6vw|false|false&#8221; locked=&#8221;off&#8221;][et_pb_column_inner type=&#8221;1_2&#8243; saved_specialty_column_type=&#8221;3_4&#8243; _builder_version=&#8221;4.1&#8243; background_enable_color=&#8221;off&#8221; background_enable_image=&#8221;off&#8221; custom_padding=&#8221;||||false|false&#8221; custom_padding_tablet=&#8221;|10%||10%||true&#8221; custom_padding_last_edited=&#8221;off|desktop&#8221; custom_padding__hover=&#8221;|||&#8221;][et_pb_text _builder_version=&#8221;4.1&#8243; text_font=&#8221;|700|||||||&#8221; text_text_color=&#8221;#ffffff&#8221; text_font_size=&#8221;20px&#8221; custom_padding=&#8221;|5vw|||false|false&#8221;]<\/p>\n<p><span style=\"font-size: 16px;\">Siguiente en \u201c<strong>Internacionalizaci\u00f3n de bienes creativos\u201d<\/strong><\/span><\/p>\n<p><span>Estrategia y tr\u00e1mites para la internacionalizaci\u00f3n. \u00bfPor d\u00f3nde empezar?<\/span><\/p>\n<p>[\/et_pb_text][et_pb_code _builder_version=&#8221;4.1&#8243;][\/et_pb_code][\/et_pb_column_inner][et_pb_column_inner type=&#8221;1_2&#8243; saved_specialty_column_type=&#8221;3_4&#8243; _builder_version=&#8221;4.1&#8243; background_enable_color=&#8221;off&#8221; background_enable_image=&#8221;off&#8221; custom_padding=&#8221;||||false|false&#8221; custom_padding_tablet=&#8221;|10%||10%||true&#8221; custom_padding_last_edited=&#8221;off|desktop&#8221; custom_padding__hover=&#8221;|||&#8221;][et_pb_button _builder_version=&#8221;4.1&#8243; custom_button=&#8221;on&#8221; button_text_color=&#8221;#4d4a69&#8243; button_bg_color=&#8221;#f0f1f2&#8243; button_border_radius=&#8221;25px&#8221; button_icon=&#8221;%%19%%&#8221; button_icon_color=&#8221;rgba(0,0,0,0)&#8221; button_on_hover=&#8221;off&#8221;][\/et_pb_button][dsm_button button_one_text=&#8221;Anterior&#8221; button_one_url=&#8221;https:\/\/cursosec.unit.la\/index.php\/g3-contenido-02-bienes-creativos&#8221; button_two_text=&#8221;Siguiente&#8221; button_two_url=&#8221;https:\/\/cursosec.unit.la\/index.php\/g3-contenido-04-bienes-creativos&#8221; _builder_version=&#8221;4.1&#8243; custom_button_one=&#8221;on&#8221; button_one_text_color=&#8221;#4d4a69&#8243; button_one_bg_color=&#8221;#f0f1f2&#8243; button_one_border_radius=&#8221;25px&#8221; button_one_icon=&#8221;%%19%%&#8221; button_one_icon_placement=&#8221;left&#8221; button_one_custom_margin=&#8221;||||false|false&#8221; button_one_custom_padding=&#8221;||||false|false&#8221; custom_button_two=&#8221;on&#8221; button_two_text_color=&#8221;#ffffff&#8221; button_two_bg_color=&#8221;#50c1b4&#8243; button_two_border_radius=&#8221;25px&#8221; button_one_border_color__hover_enabled=&#8221;on|desktop&#8221; button_one_custom_margin__hover_enabled=&#8221;on|hover&#8221;][\/dsm_button][\/et_pb_column_inner][\/et_pb_row_inner][et_pb_row_inner column_structure=&#8221;1_3,1_3,1_3&#8243; _builder_version=&#8221;4.3.2&#8243;][et_pb_column_inner type=&#8221;1_3&#8243; saved_specialty_column_type=&#8221;3_4&#8243; _builder_version=&#8221;4.3.2&#8243;][et_pb_image src=&#8221;https:\/\/cursosec.unit.la\/wp-content\/uploads\/2020\/04\/btn_sitios.png&#8221; url=&#8221;https:\/\/cursosec.unit.la\/index.php\/g3-bienes-sitios-clave\/&#8221; align=&#8221;center&#8221; src_tablet=&#8221;https:\/\/cursosec.unit.la\/wp-content\/uploads\/2020\/04\/menu_sitios.png&#8221; src_phone=&#8221;https:\/\/cursosec.unit.la\/wp-content\/uploads\/2020\/04\/menu_sitios.png&#8221; src_last_edited=&#8221;on|phone&#8221; _builder_version=&#8221;4.3.2&#8243; animation_style=&#8221;fade&#8221; box_shadow_style=&#8221;preset1&#8243; box_shadow_color=&#8221;#58bdb3&#8243;][\/et_pb_image][\/et_pb_column_inner][et_pb_column_inner type=&#8221;1_3&#8243; saved_specialty_column_type=&#8221;3_4&#8243; _builder_version=&#8221;4.3.2&#8243;][et_pb_image src=&#8221;https:\/\/cursosec.unit.la\/wp-content\/uploads\/2020\/04\/btn_parasaber.png&#8221; url=&#8221;https:\/\/cursosec.unit.la\/index.php\/g3-bienes-para-saber-mas\/&#8221; align=&#8221;center&#8221; src_tablet=&#8221;https:\/\/cursosec.unit.la\/wp-content\/uploads\/2020\/04\/menu_parasaber.png&#8221; src_phone=&#8221;https:\/\/cursosec.unit.la\/wp-content\/uploads\/2020\/04\/menu_parasaber.png&#8221; src_last_edited=&#8221;on|phone&#8221; _builder_version=&#8221;4.3.2&#8243; module_alignment=&#8221;center&#8221; animation_style=&#8221;fade&#8221; box_shadow_style=&#8221;preset1&#8243; box_shadow_color=&#8221;#58bdb3&#8243;][\/et_pb_image][\/et_pb_column_inner][et_pb_column_inner type=&#8221;1_3&#8243; saved_specialty_column_type=&#8221;3_4&#8243; _builder_version=&#8221;4.3.2&#8243;][et_pb_image src=&#8221;https:\/\/cursosec.unit.la\/wp-content\/uploads\/2020\/04\/btn_glosario.png&#8221; url=&#8221;https:\/\/cursosec.unit.la\/index.php\/glosario\/&#8221; url_new_window=&#8221;on&#8221; align=&#8221;center&#8221; src_tablet=&#8221;https:\/\/cursosec.unit.la\/wp-content\/uploads\/2020\/04\/menu_glosario.png&#8221; src_phone=&#8221;https:\/\/cursosec.unit.la\/wp-content\/uploads\/2020\/04\/menu_glosario.png&#8221; src_last_edited=&#8221;on|phone&#8221; _builder_version=&#8221;4.3.2&#8243; module_alignment=&#8221;center&#8221; animation_style=&#8221;fade&#8221; box_shadow_style=&#8221;preset1&#8243; box_shadow_color=&#8221;#58bdb3&#8243;][\/et_pb_image][\/et_pb_column_inner][\/et_pb_row_inner][et_pb_row_inner column_structure=&#8221;1_3,1_3,1_3&#8243; _builder_version=&#8221;4.3.2&#8243; custom_padding=&#8221;0px||||false|false&#8221;][et_pb_column_inner type=&#8221;1_3&#8243; saved_specialty_column_type=&#8221;3_4&#8243; _builder_version=&#8221;4.3.2&#8243;][et_pb_image src=&#8221;https:\/\/cursosec.unit.la\/wp-content\/uploads\/2020\/04\/btn_faqs.png&#8221; url=&#8221;https:\/\/cursosec.unit.la\/index.php\/g3-05-preguntas_frecuentes\/&#8221; align=&#8221;center&#8221; src_tablet=&#8221;https:\/\/cursosec.unit.la\/wp-content\/uploads\/2020\/04\/menu_preguntas.png&#8221; src_phone=&#8221;https:\/\/cursosec.unit.la\/wp-content\/uploads\/2020\/04\/menu_preguntas.png&#8221; src_last_edited=&#8221;on|desktop&#8221; _builder_version=&#8221;4.3.2&#8243; module_alignment=&#8221;center&#8221; animation_style=&#8221;fade&#8221; box_shadow_style=&#8221;preset1&#8243; box_shadow_color=&#8221;#58bdb3&#8243;][\/et_pb_image][\/et_pb_column_inner][et_pb_column_inner type=&#8221;1_3&#8243; saved_specialty_column_type=&#8221;3_4&#8243; _builder_version=&#8221;4.3.2&#8243;][et_pb_image src=&#8221;https:\/\/cursosec.unit.la\/wp-content\/uploads\/2020\/04\/btn_descargas.png&#8221; url=&#8221;https:\/\/cursosec.unit.la\/index.php\/g3-bienes-area-de-descarga\/&#8221; align=&#8221;center&#8221; src_tablet=&#8221;https:\/\/cursosec.unit.la\/wp-content\/uploads\/2020\/04\/menu_descargas.png&#8221; src_phone=&#8221;https:\/\/cursosec.unit.la\/wp-content\/uploads\/2020\/04\/menu_descargas.png&#8221; src_last_edited=&#8221;on|phone&#8221; _builder_version=&#8221;4.3.2&#8243; module_alignment=&#8221;center&#8221; animation_style=&#8221;fade&#8221; box_shadow_style=&#8221;preset1&#8243; box_shadow_color=&#8221;#58bdb3&#8243;][\/et_pb_image][\/et_pb_column_inner][et_pb_column_inner type=&#8221;1_3&#8243; saved_specialty_column_type=&#8221;3_4&#8243; _builder_version=&#8221;4.3.2&#8243;][et_pb_image src=&#8221;https:\/\/cursosec.unit.la\/wp-content\/uploads\/2020\/04\/btn_evaluate.png&#8221; url=&#8221;https:\/\/cursosec.unit.la\/index.php\/g3-bienes-quizs\/&#8221; align=&#8221;center&#8221; src_tablet=&#8221;https:\/\/cursosec.unit.la\/wp-content\/uploads\/2020\/04\/menu_evaluate.png&#8221; src_phone=&#8221;https:\/\/cursosec.unit.la\/wp-content\/uploads\/2020\/04\/menu_evaluate.png&#8221; src_last_edited=&#8221;on|phone&#8221; _builder_version=&#8221;4.3.2&#8243; module_alignment=&#8221;center&#8221; animation_style=&#8221;fade&#8221; box_shadow_style=&#8221;preset1&#8243; box_shadow_color=&#8221;#58bdb3&#8243;][\/et_pb_image][\/et_pb_column_inner][\/et_pb_row_inner][\/et_pb_column][et_pb_column type=&#8221;1_4&#8243; _builder_version=&#8221;3.25&#8243; custom_padding=&#8221;|||&#8221; custom_padding__hover=&#8221;|||&#8221;][et_pb_text disabled_on=&#8221;on|on|off&#8221; _builder_version=&#8221;4.3.2&#8243; text_font=&#8221;|||on|||||&#8221; text_text_color=&#8221;#ffffff&#8221; text_font_size=&#8221;15px&#8221; text_line_height=&#8221;1em&#8221; link_font=&#8221;||||||||&#8221; header_font=&#8221;||||||||&#8221; header_text_color=&#8221;#ffffff&#8221; background_color=&#8221;#58bdb3&#8243; transform_scale_tablet=&#8221;&#8221; transform_scale_phone=&#8221;&#8221; transform_scale_last_edited=&#8221;on|tablet&#8221; transform_translate=&#8221;0px|-25px&#8221; transform_translate_tablet=&#8221;0px|-19px&#8221; transform_translate_phone=&#8221;&#8221; transform_translate_last_edited=&#8221;on|phone&#8221; transform_translate_linked=&#8221;off&#8221; transform_rotate_tablet=&#8221;&#8221; transform_rotate_phone=&#8221;&#8221; transform_rotate_last_edited=&#8221;on|tablet&#8221; transform_skew_tablet=&#8221;&#8221; transform_skew_phone=&#8221;&#8221; transform_skew_last_edited=&#8221;on|tablet&#8221; transform_origin_tablet=&#8221;&#8221; transform_origin_phone=&#8221;&#8221; transform_origin_last_edited=&#8221;on|tablet&#8221; transform_styles_last_edited=&#8221;on|phone&#8221; text_orientation=&#8221;center&#8221; module_alignment=&#8221;center&#8221; min_height=&#8221;45px&#8221; custom_margin=&#8221;0px||-6px||false|false&#8221; custom_margin_tablet=&#8221;&#8221; custom_margin_phone=&#8221;||||false|false&#8221; custom_margin_last_edited=&#8221;on|desktop&#8221; custom_padding=&#8221;1vw|0vw|1vw|0vw|true|true&#8221; transform_styles_tablet=&#8221;&#8221; transform_styles_phone=&#8221;&#8221; border_radii=&#8221;off|10px|10px||&#8221; border_color_all=&#8221;#ffffff&#8221; locked=&#8221;off&#8221;]<\/p>\n<div><strong>Men\u00fa de la secci\u00f3n<\/strong><\/div>\n<p>[\/et_pb_text][et_pb_menu menu_id=&#8221;25&#8243; active_link_color=&#8221;#58bdb3&#8243; disabled_on=&#8221;on|on|off&#8221; _builder_version=&#8221;4.3.2&#8243; locked=&#8221;off&#8221;][\/et_pb_menu][\/et_pb_column][\/et_pb_section]<\/p>\n","protected":false},"excerpt":{"rendered":"<p>[et_pb_section fb_built=&#8221;1&#8243; use_custom_gutter=&#8221;on&#8221; gutter_width=&#8221;2&#8243; specialty=&#8221;on&#8221; custom_padding_last_edited=&#8221;on|phone&#8221; background_color_1=&#8221;#ffffff&#8221; background_color_2=&#8221;#ffffff&#8221; padding_top_bottom_link_1=&#8221;false&#8221; padding_top_bottom_link_2=&#8221;false&#8221; padding_left_right_link_1=&#8221;false&#8221; padding_left_right_link_2=&#8221;false&#8221; padding_top_2=&#8221;2vw&#8221; padding_right_2=&#8221;2vw&#8221; padding_bottom_2=&#8221;5vw&#8221; padding_left_2=&#8221;2vw&#8221; padding_1_tablet=&#8221;7vw||7vw||false|false&#8221; padding_2_tablet=&#8221;||5vw||false|false&#8221; padding_1_phone=&#8221;7vw||7vw||false|false&#8221; padding_2_phone=&#8221;|9vw|9vw|9vw|false|false&#8221; padding_1_last_edited=&#8221;on|phone&#8221; padding_2_last_edited=&#8221;on|phone&#8221; module_id_2=&#8221;sticky&#8221; _builder_version=&#8221;4.3.2&#8243; background_color=&#8221;#ffffff&#8221; background_enable_image=&#8221;off&#8221; background_size=&#8221;contain&#8221; background_repeat=&#8221;space&#8221; background_blend=&#8221;darken&#8221; transform_scale_tablet=&#8221;&#8221; transform_scale_phone=&#8221;&#8221; transform_scale_last_edited=&#8221;on|desktop&#8221; transform_translate_tablet=&#8221;&#8221; transform_translate_phone=&#8221;&#8221; transform_translate_last_edited=&#8221;on|desktop&#8221; transform_rotate_tablet=&#8221;&#8221; transform_rotate_phone=&#8221;&#8221; transform_rotate_last_edited=&#8221;on|desktop&#8221; transform_skew_tablet=&#8221;&#8221; transform_skew_phone=&#8221;&#8221; transform_skew_last_edited=&#8221;on|desktop&#8221; transform_origin_tablet=&#8221;&#8221; transform_origin_phone=&#8221;&#8221; transform_origin_last_edited=&#8221;on|desktop&#8221; transform_styles_last_edited=&#8221;on|desktop&#8221; inner_width=&#8221;100%&#8221; inner_max_width=&#8221;99%&#8221; inner_module_alignment=&#8221;left&#8221; custom_margin=&#8221;-3px||||false|false&#8221; custom_padding=&#8221;0px|2vw|0px|0px|false|false&#8221; custom_padding_tablet=&#8221;|||3vw|false|false&#8221; custom_padding_phone=&#8221;||||false|false&#8221; transform_styles_tablet=&#8221;&#8221; transform_styles_phone=&#8221;&#8221; border_width_top=&#8221;2px&#8221; [&hellip;]<\/p>\n","protected":false},"author":1,"featured_media":0,"parent":0,"menu_order":0,"comment_status":"closed","ping_status":"closed","template":"","meta":{"_et_pb_use_builder":"on","_et_pb_old_content":"","_et_gb_content_width":""},"_links":{"self":[{"href":"https:\/\/cursosec.unit.la\/index.php\/wp-json\/wp\/v2\/pages\/49642"}],"collection":[{"href":"https:\/\/cursosec.unit.la\/index.php\/wp-json\/wp\/v2\/pages"}],"about":[{"href":"https:\/\/cursosec.unit.la\/index.php\/wp-json\/wp\/v2\/types\/page"}],"author":[{"embeddable":true,"href":"https:\/\/cursosec.unit.la\/index.php\/wp-json\/wp\/v2\/users\/1"}],"replies":[{"embeddable":true,"href":"https:\/\/cursosec.unit.la\/index.php\/wp-json\/wp\/v2\/comments?post=49642"}],"version-history":[{"count":7,"href":"https:\/\/cursosec.unit.la\/index.php\/wp-json\/wp\/v2\/pages\/49642\/revisions"}],"predecessor-version":[{"id":55984,"href":"https:\/\/cursosec.unit.la\/index.php\/wp-json\/wp\/v2\/pages\/49642\/revisions\/55984"}],"wp:attachment":[{"href":"https:\/\/cursosec.unit.la\/index.php\/wp-json\/wp\/v2\/media?parent=49642"}],"curies":[{"name":"wp","href":"https:\/\/api.w.org\/{rel}","templated":true}]}}