{"id":49495,"date":"2019-11-05T10:46:40","date_gmt":"2019-11-05T13:46:40","guid":{"rendered":"https:\/\/cursosec.unit.la\/?page_id=49495"},"modified":"2020-05-04T02:19:19","modified_gmt":"2020-05-04T05:19:19","slug":"g3-contenido-01-bienes-creativos","status":"publish","type":"page","link":"https:\/\/cursosec.unit.la\/index.php\/g3-contenido-01-bienes-creativos\/","title":{"rendered":"G3-CONTENIDO-01-Bienes creativos"},"content":{"rendered":"<p>[et_pb_section fb_built=&#8221;1&#8243; use_custom_gutter=&#8221;on&#8221; gutter_width=&#8221;2&#8243; specialty=&#8221;on&#8221; custom_padding_last_edited=&#8221;on|phone&#8221; background_color_1=&#8221;#ffffff&#8221; background_color_2=&#8221;#ffffff&#8221; padding_top_bottom_link_1=&#8221;false&#8221; padding_top_bottom_link_2=&#8221;false&#8221; padding_left_right_link_1=&#8221;false&#8221; padding_left_right_link_2=&#8221;false&#8221; padding_top_2=&#8221;2vw&#8221; padding_right_2=&#8221;2vw&#8221; padding_bottom_2=&#8221;5vw&#8221; padding_left_2=&#8221;2vw&#8221; padding_1_tablet=&#8221;7vw||7vw||false|false&#8221; padding_2_tablet=&#8221;||5vw||false|false&#8221; padding_1_phone=&#8221;7vw||7vw||false|false&#8221; padding_2_phone=&#8221;|9vw|9vw|9vw|false|false&#8221; padding_1_last_edited=&#8221;on|phone&#8221; padding_2_last_edited=&#8221;on|phone&#8221; module_id_2=&#8221;sticky&#8221; _builder_version=&#8221;4.3.2&#8243; background_color=&#8221;#ffffff&#8221; background_enable_image=&#8221;off&#8221; background_size=&#8221;contain&#8221; background_repeat=&#8221;space&#8221; background_blend=&#8221;darken&#8221; transform_scale_tablet=&#8221;&#8221; transform_scale_phone=&#8221;&#8221; transform_scale_last_edited=&#8221;on|desktop&#8221; transform_translate_tablet=&#8221;&#8221; transform_translate_phone=&#8221;&#8221; transform_translate_last_edited=&#8221;on|desktop&#8221; transform_rotate_tablet=&#8221;&#8221; transform_rotate_phone=&#8221;&#8221; transform_rotate_last_edited=&#8221;on|desktop&#8221; transform_skew_tablet=&#8221;&#8221; transform_skew_phone=&#8221;&#8221; transform_skew_last_edited=&#8221;on|desktop&#8221; transform_origin_tablet=&#8221;&#8221; transform_origin_phone=&#8221;&#8221; transform_origin_last_edited=&#8221;on|desktop&#8221; transform_styles_last_edited=&#8221;on|desktop&#8221; inner_width=&#8221;100%&#8221; inner_max_width=&#8221;99%&#8221; inner_module_alignment=&#8221;left&#8221; custom_margin=&#8221;-2px||||false|false&#8221; custom_padding=&#8221;0px|2vw|0px|0px|false|false&#8221; custom_padding_tablet=&#8221;|||3vw|false|false&#8221; custom_padding_phone=&#8221;||||false|false&#8221; transform_styles_tablet=&#8221;&#8221; transform_styles_phone=&#8221;&#8221; border_width_top=&#8221;2px&#8221; border_color_top=&#8221;#57bcb3&#8243; border_color_bottom=&#8221;#57bcb3&#8243; locked=&#8221;off&#8221; gutter_width__hover_enabled=&#8221;on|desktop&#8221; gutter_width__hover=&#8221;2&#8243;][et_pb_column type=&#8221;3_4&#8243; specialty_columns=&#8221;3&#8243; _builder_version=&#8221;3.25&#8243; custom_padding=&#8221;|||&#8221; custom_padding__hover=&#8221;|||&#8221;][et_pb_row_inner use_custom_gutter=&#8221;on&#8221; module_id=&#8221;Estrategia_y_tramites_para_la_internacionalizacion&#8221; _builder_version=&#8221;4.1&#8243; background_enable_color=&#8221;off&#8221; custom_margin=&#8221;||||false|false&#8221; custom_padding=&#8221;|5vw||6vw|false|false&#8221;][et_pb_column_inner saved_specialty_column_type=&#8221;3_4&#8243; _builder_version=&#8221;4.0.6&#8243; custom_padding=&#8221;||||false|false&#8221;][et_pb_text _builder_version=&#8221;4.0.7&#8243; text_font=&#8221;||||||||&#8221; text_text_color=&#8221;#181c44&#8243; text_font_size=&#8221;16px&#8221; link_font=&#8221;|||||||#181c44|&#8221; link_text_color=&#8221;#181c44&#8243; custom_padding=&#8221;||3vw||false|false&#8221; locked=&#8221;off&#8221;]<\/p>\n<div style=\"text-align: left;\"><a href=\"https:\/\/cursosec.unit.la\/\">Inicio<\/a>\u00a0 \u00a0<strong><span style=\"color: #f78f2b;\">&gt;&gt;<\/span><\/strong>\u00a0 \u00a0<a href=\"https:\/\/cursosec.unit.la\/index.php\/g3-contenido-00-bienes-creativos\">Internacionalizaci\u00f3n de bienes creativos<\/a>\u00a0 \u00a0<span style=\"color: #f78f2b;\"><strong>&gt;&gt;\u00a0\u00a0<\/strong><\/span>\u00a0<b>Internacionalizaci\u00f3n cultural en una econom\u00eda global<\/b><\/div>\n<p>[\/et_pb_text][et_pb_text _builder_version=&#8221;4.0.9&#8243; text_font=&#8221;Open Sans|800||on|||||&#8221; text_text_color=&#8221;#50C1B4&#8243; text_font_size=&#8221;33px&#8221; text_line_height=&#8221;1.2em&#8221; background_color=&#8221;50C1B4&#8243; custom_padding=&#8221;1vw||1vw||false|false&#8221; text_font_size_tablet=&#8221;&#8221; text_font_size_phone=&#8221;26px&#8221; text_font_size_last_edited=&#8221;on|phone&#8221; locked=&#8221;off&#8221; custom_padding__hover_enabled=&#8221;on|desktop&#8221; custom_padding__hover_tablet=&#8221;3vw||||false|false&#8221; custom_padding__hover=&#8221;||||false|false&#8221;]<\/p>\n<p>1. INTERNACIONALIZACI\u00d3N CULTURAL EN UNA ECONOM\u00cdA GLOBAL<\/p>\n<p>[\/et_pb_text][et_pb_text _builder_version=&#8221;4.0.6&#8243; text_font_size=&#8221;16px&#8221;]<\/p>\n<p>La <strong>globalizaci\u00f3n<\/strong> ha tra\u00eddo consigo una serie de cambios econ\u00f3micos, sociales y culturales, que\u00a0 han\u00a0 traspasado\u00a0 las\u00a0 fronteras\u00a0 territoriales,\u00a0 haciendo\u00a0 de\u00a0 este\u00a0 mundo\u00a0 un\u00a0 lugar de <strong>encuentro constante entre culturas<\/strong>.<\/p>\n<p>La <strong>internacionalizaci\u00f3n de la cultura y las artes<\/strong> juega un papel fundamental en el desarrollo global y es parte de las preocupaciones de la <strong>pol\u00edtica p\u00fablica nacional<\/strong>, que hace esfuerzos por promover fuera de nuestras fronteras, expresiones culturales propias de nuestro pa\u00eds, buscando posicionar a artistas y gestores culturales en circuitos y cert\u00e1menes internacionales de manera sustentable y sostenida en el tiempo.<\/p>\n<p>En el mundo de hoy la internacionalizaci\u00f3n es una pr\u00e1ctica inevitable, necesaria y clave, no solo para el posicionamiento de Chile en el exterior, sino por las <strong>oportunidades para los creadores y las empresas creativas chilenas<\/strong>.<\/p>\n<p>Cuando hablamos de internacionalizaci\u00f3n, vamos mucho m\u00e1s all\u00e1 del t\u00e9rmino \u201cexportaci\u00f3n\u201d, entendida esta (seg\u00fan la define <strong>ProChile<\/strong>) como la salida legal de mercanc\u00edas nacionales o nacionalizadas para su uso o consumo exterior. Internacionalizar un producto, al margen de su mera salida al exterior, implica una<strong> estrategia<\/strong> (que incluye el posicionamiento internacional de una marca, un colectivo o un artista) e involucra una serie de <strong>procedimientos <\/strong>y<strong> acciones<\/strong>.<\/p>\n<p>A trav\u00e9s de esta p\u00e1gina y los recursos que incluye, queremos guiarte en tu estrategia de internacionalizaci\u00f3n de tus productos creativos, animarte y ayudarte explicando los procesos y tr\u00e1mites que debes realizar.<\/p>\n<p>[\/et_pb_text][et_pb_image src=&#8221;https:\/\/cursosec.unit.la\/wp-content\/uploads\/2019\/11\/IBweb03-02.png&#8221; _builder_version=&#8221;4.0.7&#8243; width=&#8221;55%&#8221; width_tablet=&#8221;&#8221; width_phone=&#8221;&#8221; width_last_edited=&#8221;on|phone&#8221; module_alignment=&#8221;center&#8221; animation_style=&#8221;roll&#8221; border_radii=&#8221;on|100px|100px|100px|100px&#8221;][\/et_pb_image][\/et_pb_column_inner][\/et_pb_row_inner][et_pb_row_inner column_structure=&#8221;1_2,1_2&#8243; use_custom_gutter=&#8221;on&#8221; gutter_width=&#8221;2&#8243; make_equal=&#8221;on&#8221; custom_padding_last_edited=&#8221;on|phone&#8221; disabled_on=&#8221;off|off|off&#8221; _builder_version=&#8221;4.1&#8243; background_color=&#8221;#4d4a69&#8243; width=&#8221;100%&#8221; max_width=&#8221;100%&#8221; module_alignment=&#8221;center&#8221; custom_margin=&#8221;||||false|false&#8221; custom_padding=&#8221;|5vw||6vw|false|false&#8221; custom_padding_tablet=&#8221;||||false|false&#8221; custom_padding_phone=&#8221;|5vw||6vw|false|false&#8221; locked=&#8221;off&#8221;][et_pb_column_inner type=&#8221;1_2&#8243; saved_specialty_column_type=&#8221;3_4&#8243; _builder_version=&#8221;4.1&#8243; background_enable_color=&#8221;off&#8221; background_enable_image=&#8221;off&#8221; custom_padding=&#8221;||||false|false&#8221; custom_padding_tablet=&#8221;|10%||10%||true&#8221; custom_padding_last_edited=&#8221;off|desktop&#8221; custom_padding__hover=&#8221;|||&#8221;][et_pb_text _builder_version=&#8221;4.1&#8243; text_font=&#8221;|700|||||||&#8221; text_text_color=&#8221;#ffffff&#8221; text_font_size=&#8221;20px&#8221; custom_padding=&#8221;|5vw|||false|false&#8221;]<\/p>\n<p><span style=\"font-size: 16px;\">Siguiente en \u201c<strong>Internacionalizaci\u00f3n de bienes creativos\u201d<\/strong><\/span><\/p>\n<p><span>\u00bfC\u00f3mo me beneficia la internacionalizaci\u00f3n?<\/span><\/p>\n<p>[\/et_pb_text][et_pb_code _builder_version=&#8221;4.1&#8243;][\/et_pb_code][\/et_pb_column_inner][et_pb_column_inner type=&#8221;1_2&#8243; saved_specialty_column_type=&#8221;3_4&#8243; _builder_version=&#8221;4.1&#8243; background_enable_color=&#8221;off&#8221; background_enable_image=&#8221;off&#8221; custom_padding=&#8221;||||false|false&#8221; custom_padding_tablet=&#8221;|10%||10%||true&#8221; custom_padding_last_edited=&#8221;off|desktop&#8221; custom_padding__hover=&#8221;|||&#8221;][et_pb_button _builder_version=&#8221;4.1&#8243; custom_button=&#8221;on&#8221; button_text_color=&#8221;#4d4a69&#8243; button_bg_color=&#8221;#f0f1f2&#8243; button_border_radius=&#8221;25px&#8221; button_icon=&#8221;%%19%%&#8221; button_icon_color=&#8221;rgba(0,0,0,0)&#8221; button_on_hover=&#8221;off&#8221;][\/et_pb_button][dsm_button button_one_text=&#8221;Anterior&#8221; button_one_url=&#8221;https:\/\/cursosec.unit.la\/index.php\/g3-contenido-00-bienes-creativos&#8221; button_two_text=&#8221;Siguiente&#8221; button_two_url=&#8221;https:\/\/cursosec.unit.la\/index.php\/g3-contenido-02-bienes-creativos&#8221; _builder_version=&#8221;4.1&#8243; custom_button_one=&#8221;on&#8221; button_one_text_color=&#8221;#4d4a69&#8243; button_one_bg_color=&#8221;#f0f1f2&#8243; button_one_border_radius=&#8221;25px&#8221; button_one_icon=&#8221;%%19%%&#8221; button_one_icon_placement=&#8221;left&#8221; button_one_custom_margin=&#8221;||||false|false&#8221; button_one_custom_padding=&#8221;||||false|false&#8221; custom_button_two=&#8221;on&#8221; button_two_text_color=&#8221;#ffffff&#8221; button_two_bg_color=&#8221;#50c1b4&#8243; button_two_border_radius=&#8221;25px&#8221; button_one_border_color__hover_enabled=&#8221;on|desktop&#8221; button_one_custom_margin__hover_enabled=&#8221;on|hover&#8221;][\/dsm_button][\/et_pb_column_inner][\/et_pb_row_inner][et_pb_row_inner column_structure=&#8221;1_3,1_3,1_3&#8243; _builder_version=&#8221;4.3.2&#8243;][et_pb_column_inner type=&#8221;1_3&#8243; _builder_version=&#8221;4.3.2&#8243; saved_specialty_column_type=&#8221;3_4&#8243;][et_pb_image src=&#8221;https:\/\/cursosec.unit.la\/wp-content\/uploads\/2020\/04\/btn_sitios.png&#8221; url=&#8221;https:\/\/cursosec.unit.la\/index.php\/g3-bienes-sitios-clave\/&#8221; align=&#8221;center&#8221; src_tablet=&#8221;https:\/\/cursosec.unit.la\/wp-content\/uploads\/2020\/04\/menu_sitios.png&#8221; src_phone=&#8221;https:\/\/cursosec.unit.la\/wp-content\/uploads\/2020\/04\/menu_sitios.png&#8221; src_last_edited=&#8221;on|phone&#8221; _builder_version=&#8221;4.3.2&#8243; animation_style=&#8221;fade&#8221; box_shadow_style=&#8221;preset1&#8243; box_shadow_color=&#8221;#58bdb3&#8243;][\/et_pb_image][\/et_pb_column_inner][et_pb_column_inner type=&#8221;1_3&#8243; _builder_version=&#8221;4.3.2&#8243; saved_specialty_column_type=&#8221;3_4&#8243;][et_pb_image src=&#8221;https:\/\/cursosec.unit.la\/wp-content\/uploads\/2020\/04\/btn_parasaber.png&#8221; url=&#8221;https:\/\/cursosec.unit.la\/index.php\/g3-bienes-para-saber-mas\/&#8221; align=&#8221;center&#8221; src_tablet=&#8221;https:\/\/cursosec.unit.la\/wp-content\/uploads\/2020\/04\/menu_parasaber.png&#8221; src_phone=&#8221;https:\/\/cursosec.unit.la\/wp-content\/uploads\/2020\/04\/menu_parasaber.png&#8221; src_last_edited=&#8221;on|phone&#8221; _builder_version=&#8221;4.3.2&#8243; module_alignment=&#8221;center&#8221; animation_style=&#8221;fade&#8221; box_shadow_style=&#8221;preset1&#8243; box_shadow_color=&#8221;#58bdb3&#8243;][\/et_pb_image][\/et_pb_column_inner][et_pb_column_inner type=&#8221;1_3&#8243; _builder_version=&#8221;4.3.2&#8243; saved_specialty_column_type=&#8221;3_4&#8243;][et_pb_image src=&#8221;https:\/\/cursosec.unit.la\/wp-content\/uploads\/2020\/04\/btn_glosario.png&#8221; url=&#8221;https:\/\/cursosec.unit.la\/index.php\/glosario\/&#8221; url_new_window=&#8221;on&#8221; align=&#8221;center&#8221; src_tablet=&#8221;https:\/\/cursosec.unit.la\/wp-content\/uploads\/2020\/04\/menu_glosario.png&#8221; src_phone=&#8221;https:\/\/cursosec.unit.la\/wp-content\/uploads\/2020\/04\/menu_glosario.png&#8221; src_last_edited=&#8221;on|phone&#8221; _builder_version=&#8221;4.3.2&#8243; module_alignment=&#8221;center&#8221; animation_style=&#8221;fade&#8221; box_shadow_style=&#8221;preset1&#8243; box_shadow_color=&#8221;#58bdb3&#8243;][\/et_pb_image][\/et_pb_column_inner][\/et_pb_row_inner][et_pb_row_inner column_structure=&#8221;1_3,1_3,1_3&#8243; _builder_version=&#8221;4.3.2&#8243; custom_padding=&#8221;0px||||false|false&#8221;][et_pb_column_inner type=&#8221;1_3&#8243; _builder_version=&#8221;4.3.2&#8243; saved_specialty_column_type=&#8221;3_4&#8243;][et_pb_image src=&#8221;https:\/\/cursosec.unit.la\/wp-content\/uploads\/2020\/04\/btn_faqs.png&#8221; url=&#8221;https:\/\/cursosec.unit.la\/index.php\/g3-05-preguntas_frecuentes\/&#8221; align=&#8221;center&#8221; src_tablet=&#8221;https:\/\/cursosec.unit.la\/wp-content\/uploads\/2020\/04\/menu_preguntas.png&#8221; src_phone=&#8221;https:\/\/cursosec.unit.la\/wp-content\/uploads\/2020\/04\/menu_preguntas.png&#8221; src_last_edited=&#8221;on|desktop&#8221; _builder_version=&#8221;4.3.2&#8243; module_alignment=&#8221;center&#8221; animation_style=&#8221;fade&#8221; box_shadow_style=&#8221;preset1&#8243; box_shadow_color=&#8221;#58bdb3&#8243;][\/et_pb_image][\/et_pb_column_inner][et_pb_column_inner type=&#8221;1_3&#8243; _builder_version=&#8221;4.3.2&#8243; saved_specialty_column_type=&#8221;3_4&#8243;][et_pb_image src=&#8221;https:\/\/cursosec.unit.la\/wp-content\/uploads\/2020\/04\/btn_descargas.png&#8221; url=&#8221;https:\/\/cursosec.unit.la\/index.php\/g3-bienes-area-de-descarga\/&#8221; align=&#8221;center&#8221; src_tablet=&#8221;https:\/\/cursosec.unit.la\/wp-content\/uploads\/2020\/04\/menu_descargas.png&#8221; src_phone=&#8221;https:\/\/cursosec.unit.la\/wp-content\/uploads\/2020\/04\/menu_descargas.png&#8221; src_last_edited=&#8221;on|phone&#8221; _builder_version=&#8221;4.3.2&#8243; module_alignment=&#8221;center&#8221; animation_style=&#8221;fade&#8221; box_shadow_style=&#8221;preset1&#8243; box_shadow_color=&#8221;#58bdb3&#8243;][\/et_pb_image][\/et_pb_column_inner][et_pb_column_inner type=&#8221;1_3&#8243; _builder_version=&#8221;4.3.2&#8243; saved_specialty_column_type=&#8221;3_4&#8243;][et_pb_image src=&#8221;https:\/\/cursosec.unit.la\/wp-content\/uploads\/2020\/04\/btn_evaluate.png&#8221; url=&#8221;https:\/\/cursosec.unit.la\/index.php\/g3-bienes-quizs\/&#8221; align=&#8221;center&#8221; src_tablet=&#8221;https:\/\/cursosec.unit.la\/wp-content\/uploads\/2020\/04\/menu_evaluate.png&#8221; src_phone=&#8221;https:\/\/cursosec.unit.la\/wp-content\/uploads\/2020\/04\/menu_evaluate.png&#8221; src_last_edited=&#8221;on|phone&#8221; _builder_version=&#8221;4.3.2&#8243; module_alignment=&#8221;center&#8221; animation_style=&#8221;fade&#8221; box_shadow_style=&#8221;preset1&#8243; box_shadow_color=&#8221;#58bdb3&#8243;][\/et_pb_image][\/et_pb_column_inner][\/et_pb_row_inner][\/et_pb_column][et_pb_column type=&#8221;1_4&#8243; _builder_version=&#8221;3.25&#8243; custom_padding=&#8221;|||&#8221; custom_padding__hover=&#8221;|||&#8221;][et_pb_text disabled_on=&#8221;on|on|off&#8221; _builder_version=&#8221;4.3.2&#8243; text_font=&#8221;|||on|||||&#8221; text_text_color=&#8221;#ffffff&#8221; text_font_size=&#8221;15px&#8221; text_line_height=&#8221;1em&#8221; link_font=&#8221;||||||||&#8221; header_font=&#8221;||||||||&#8221; header_text_color=&#8221;#ffffff&#8221; background_color=&#8221;#58bdb3&#8243; transform_scale_tablet=&#8221;&#8221; transform_scale_phone=&#8221;&#8221; transform_scale_last_edited=&#8221;on|tablet&#8221; transform_translate=&#8221;0px|-25px&#8221; transform_translate_tablet=&#8221;0px|-19px&#8221; transform_translate_phone=&#8221;&#8221; transform_translate_last_edited=&#8221;on|phone&#8221; transform_translate_linked=&#8221;off&#8221; transform_rotate_tablet=&#8221;&#8221; transform_rotate_phone=&#8221;&#8221; transform_rotate_last_edited=&#8221;on|tablet&#8221; transform_skew_tablet=&#8221;&#8221; transform_skew_phone=&#8221;&#8221; transform_skew_last_edited=&#8221;on|tablet&#8221; transform_origin_tablet=&#8221;&#8221; transform_origin_phone=&#8221;&#8221; transform_origin_last_edited=&#8221;on|tablet&#8221; transform_styles_last_edited=&#8221;on|phone&#8221; text_orientation=&#8221;center&#8221; module_alignment=&#8221;center&#8221; min_height=&#8221;45px&#8221; custom_margin=&#8221;0px||-6px||false|false&#8221; custom_margin_tablet=&#8221;&#8221; custom_margin_phone=&#8221;||||false|false&#8221; custom_margin_last_edited=&#8221;on|desktop&#8221; custom_padding=&#8221;1vw|0vw|1vw|0vw|true|true&#8221; transform_styles_tablet=&#8221;&#8221; transform_styles_phone=&#8221;&#8221; border_radii=&#8221;off|10px|10px||&#8221; border_color_all=&#8221;#ffffff&#8221; locked=&#8221;off&#8221;]<\/p>\n<div><strong>Men\u00fa de la secci\u00f3n<\/strong><\/div>\n<p>[\/et_pb_text][et_pb_menu menu_id=&#8221;25&#8243; active_link_color=&#8221;#58bdb3&#8243; disabled_on=&#8221;on|on|off&#8221; _builder_version=&#8221;4.3.2&#8243; hover_enabled=&#8221;0&#8243; locked=&#8221;off&#8221;][\/et_pb_menu][\/et_pb_column][\/et_pb_section]<\/p>\n","protected":false},"excerpt":{"rendered":"<p>[et_pb_section fb_built=&#8221;1&#8243; use_custom_gutter=&#8221;on&#8221; gutter_width=&#8221;2&#8243; specialty=&#8221;on&#8221; custom_padding_last_edited=&#8221;on|phone&#8221; background_color_1=&#8221;#ffffff&#8221; background_color_2=&#8221;#ffffff&#8221; padding_top_bottom_link_1=&#8221;false&#8221; padding_top_bottom_link_2=&#8221;false&#8221; padding_left_right_link_1=&#8221;false&#8221; padding_left_right_link_2=&#8221;false&#8221; padding_top_2=&#8221;2vw&#8221; padding_right_2=&#8221;2vw&#8221; padding_bottom_2=&#8221;5vw&#8221; padding_left_2=&#8221;2vw&#8221; padding_1_tablet=&#8221;7vw||7vw||false|false&#8221; padding_2_tablet=&#8221;||5vw||false|false&#8221; padding_1_phone=&#8221;7vw||7vw||false|false&#8221; padding_2_phone=&#8221;|9vw|9vw|9vw|false|false&#8221; padding_1_last_edited=&#8221;on|phone&#8221; padding_2_last_edited=&#8221;on|phone&#8221; module_id_2=&#8221;sticky&#8221; _builder_version=&#8221;4.3.2&#8243; background_color=&#8221;#ffffff&#8221; background_enable_image=&#8221;off&#8221; background_size=&#8221;contain&#8221; background_repeat=&#8221;space&#8221; background_blend=&#8221;darken&#8221; transform_scale_tablet=&#8221;&#8221; transform_scale_phone=&#8221;&#8221; transform_scale_last_edited=&#8221;on|desktop&#8221; transform_translate_tablet=&#8221;&#8221; transform_translate_phone=&#8221;&#8221; transform_translate_last_edited=&#8221;on|desktop&#8221; transform_rotate_tablet=&#8221;&#8221; transform_rotate_phone=&#8221;&#8221; transform_rotate_last_edited=&#8221;on|desktop&#8221; transform_skew_tablet=&#8221;&#8221; transform_skew_phone=&#8221;&#8221; transform_skew_last_edited=&#8221;on|desktop&#8221; transform_origin_tablet=&#8221;&#8221; transform_origin_phone=&#8221;&#8221; transform_origin_last_edited=&#8221;on|desktop&#8221; transform_styles_last_edited=&#8221;on|desktop&#8221; inner_width=&#8221;100%&#8221; inner_max_width=&#8221;99%&#8221; inner_module_alignment=&#8221;left&#8221; custom_margin=&#8221;-2px||||false|false&#8221; custom_padding=&#8221;0px|2vw|0px|0px|false|false&#8221; custom_padding_tablet=&#8221;|||3vw|false|false&#8221; custom_padding_phone=&#8221;||||false|false&#8221; transform_styles_tablet=&#8221;&#8221; transform_styles_phone=&#8221;&#8221; border_width_top=&#8221;2px&#8221; [&hellip;]<\/p>\n","protected":false},"author":1,"featured_media":0,"parent":0,"menu_order":0,"comment_status":"closed","ping_status":"closed","template":"","meta":{"_et_pb_use_builder":"on","_et_pb_old_content":"","_et_gb_content_width":""},"_links":{"self":[{"href":"https:\/\/cursosec.unit.la\/index.php\/wp-json\/wp\/v2\/pages\/49495"}],"collection":[{"href":"https:\/\/cursosec.unit.la\/index.php\/wp-json\/wp\/v2\/pages"}],"about":[{"href":"https:\/\/cursosec.unit.la\/index.php\/wp-json\/wp\/v2\/types\/page"}],"author":[{"embeddable":true,"href":"https:\/\/cursosec.unit.la\/index.php\/wp-json\/wp\/v2\/users\/1"}],"replies":[{"embeddable":true,"href":"https:\/\/cursosec.unit.la\/index.php\/wp-json\/wp\/v2\/comments?post=49495"}],"version-history":[{"count":7,"href":"https:\/\/cursosec.unit.la\/index.php\/wp-json\/wp\/v2\/pages\/49495\/revisions"}],"predecessor-version":[{"id":55964,"href":"https:\/\/cursosec.unit.la\/index.php\/wp-json\/wp\/v2\/pages\/49495\/revisions\/55964"}],"wp:attachment":[{"href":"https:\/\/cursosec.unit.la\/index.php\/wp-json\/wp\/v2\/media?parent=49495"}],"curies":[{"name":"wp","href":"https:\/\/api.w.org\/{rel}","templated":true}]}}