{"id":47243,"date":"2019-08-26T12:24:26","date_gmt":"2019-08-26T15:24:26","guid":{"rendered":"http:\/\/159.65.78.84\/wp_mcap\/?page_id=47243"},"modified":"2020-04-29T03:36:54","modified_gmt":"2020-04-29T06:36:54","slug":"economia-creativa","status":"publish","type":"page","link":"https:\/\/cursosec.unit.la\/","title":{"rendered":"Econom\u00eda creativa"},"content":{"rendered":"<p>[et_pb_section fb_built=&#8221;1&#8243; custom_padding_last_edited=&#8221;on|desktop&#8221; _builder_version=&#8221;4.2.2&#8243; background_color=&#8221;#58bdb3&#8243; background_color_gradient_direction=&#8221;28deg&#8221; background_enable_image=&#8221;off&#8221; background_size=&#8221;contain&#8221; background_position=&#8221;bottom_center&#8221; custom_padding=&#8221;0vw||0vw||false|false&#8221; custom_padding_tablet=&#8221;0vw||0vw||false|false&#8221; custom_padding_phone=&#8221;0px||0vw||false|false&#8221; top_divider_color=&#8221;rgba(255,255,255,0.13)&#8221; bottom_divider_color=&#8221;#ffffff&#8221; border_style_all=&#8221;none&#8221; locked=&#8221;off&#8221;][et_pb_row _builder_version=&#8221;4.0.9&#8243; custom_padding=&#8221;0px||0px||false|false&#8221;][et_pb_column type=&#8221;4_4&#8243; _builder_version=&#8221;4.0.9&#8243;][dsm_perspective_image force_fullwidth=&#8221;on&#8221; _builder_version=&#8221;4.3.2&#8243;][\/dsm_perspective_image][et_pb_image src=&#8221;https:\/\/cursosec.unit.la\/wp-content\/uploads\/2020\/03\/Banner_homev2.png&#8221; align=&#8221;center&#8221; _builder_version=&#8221;4.3.2&#8243; custom_margin=&#8221;-37px|||||&#8221;][\/et_pb_image][\/et_pb_column][\/et_pb_row][\/et_pb_section][et_pb_section fb_built=&#8221;1&#8243; custom_padding_last_edited=&#8221;on|desktop&#8221; _builder_version=&#8221;4.2.2&#8243; background_color=&#8221;#f2f2f2&#8243; custom_padding=&#8221;0vw||0vw||false|false&#8221; custom_padding_tablet=&#8221;||3vw||false|false&#8221; custom_padding_phone=&#8221;||3vw||false|false&#8221; border_style_all=&#8221;none&#8221;][et_pb_row make_equal=&#8221;on&#8221; disabled_on=&#8221;off|off|off&#8221; _builder_version=&#8221;4.2.2&#8243; background_color=&#8221;#f2f2f2&#8243; custom_margin_tablet=&#8221;&#8221; custom_margin_phone=&#8221;||||false|true&#8221; custom_margin_last_edited=&#8221;on|phone&#8221; custom_padding=&#8221;|0vw||0vw|false|true&#8221;][et_pb_column type=&#8221;4_4&#8243; _builder_version=&#8221;4.0.6&#8243;][et_pb_text _builder_version=&#8221;4.3.2&#8243; text_font=&#8221;Roboto Slab|300|||||||&#8221; text_font_size=&#8221;20px&#8221; text_line_height=&#8221;1.8em&#8221; ul_font=&#8221;||||||||&#8221; background_enable_color=&#8221;off&#8221; text_orientation=&#8221;center&#8221; custom_margin=&#8221;||||false|false&#8221; custom_padding=&#8221;||||false|false&#8221; custom_padding_tablet=&#8221;|5vw||5vw|true|true&#8221; custom_padding_phone=&#8221;2vw|5vw|2vw|5vw|true|true&#8221; custom_padding_last_edited=&#8221;on|tablet&#8221; animation_style=&#8221;slide&#8221; text_line_height_last_edited=&#8221;off|desktop&#8221; border_color_all=&#8221;#000000&#8243;]<\/p>\n<p style=\"font-weight: 400;\">La <strong>Econom\u00eda Creativa<\/strong> es parte de la cadena de valor para el desarrollo social, cultural y econ\u00f3mico del pa\u00eds y alberga diversos sectores de las artes y la cultura, como la m\u00fasica, el libro, el audiovisual, las artes esc\u00e9nicas, las artes visuales, la fotograf\u00eda, la artesan\u00eda, la arquitectura y el dise\u00f1o.<\/p>\n<p>[\/et_pb_text][\/et_pb_column][\/et_pb_row][\/et_pb_section][et_pb_section fb_built=&#8221;1&#8243; custom_padding_last_edited=&#8221;on|desktop&#8221; _builder_version=&#8221;4.3.2&#8243; background_color=&#8221;#F2F2F2&#8243; background_color_gradient_direction=&#8221;28deg&#8221; background_enable_image=&#8221;off&#8221; background_size=&#8221;contain&#8221; background_position=&#8221;bottom_center&#8221; custom_padding=&#8221;0vw||0vw||false|false&#8221; custom_padding_tablet=&#8221;0vw||0vw||false|false&#8221; custom_padding_phone=&#8221;0px||0vw||false|false&#8221; top_divider_color=&#8221;rgba(255,255,255,0.13)&#8221; bottom_divider_color=&#8221;#ffffff&#8221; border_style_all=&#8221;none&#8221; locked=&#8221;off&#8221;][et_pb_row _builder_version=&#8221;4.0.9&#8243; custom_padding=&#8221;4px||0px||false|false&#8221;][et_pb_column type=&#8221;4_4&#8243; _builder_version=&#8221;4.0.9&#8243;][dsm_perspective_image src=&#8221;https:\/\/cursosec.unit.la\/wp-content\/uploads\/2020\/02\/Banner_home_white.png&#8221; align=&#8221;center&#8221; force_fullwidth=&#8221;on&#8221; _builder_version=&#8221;4.3.2&#8243; width=&#8221;75%&#8221; width_tablet=&#8221;70%&#8221; width_phone=&#8221;&#8221; width_last_edited=&#8221;on|desktop&#8221;][\/dsm_perspective_image][\/et_pb_column][\/et_pb_row][\/et_pb_section][et_pb_section fb_built=&#8221;1&#8243; custom_padding_last_edited=&#8221;on|desktop&#8221; _builder_version=&#8221;4.2.2&#8243; background_color=&#8221;#f2f2f2&#8243; custom_padding=&#8221;0vw||0vw||false|false&#8221; custom_padding_tablet=&#8221;||3vw||false|false&#8221; custom_padding_phone=&#8221;||3vw||false|false&#8221; border_style_all=&#8221;none&#8221;][et_pb_row make_equal=&#8221;on&#8221; disabled_on=&#8221;off|off|off&#8221; _builder_version=&#8221;4.2.2&#8243; background_color=&#8221;#f2f2f2&#8243; custom_margin_tablet=&#8221;&#8221; custom_margin_phone=&#8221;||||false|true&#8221; custom_margin_last_edited=&#8221;on|phone&#8221; custom_padding=&#8221;|0vw||0vw|false|true&#8221;][et_pb_column type=&#8221;4_4&#8243; _builder_version=&#8221;4.0.6&#8243;][et_pb_text _builder_version=&#8221;4.3.2&#8243; text_font=&#8221;Roboto Slab|300|||||||&#8221; text_font_size=&#8221;20px&#8221; text_line_height=&#8221;1.8em&#8221; ul_font=&#8221;||||||||&#8221; background_enable_color=&#8221;off&#8221; text_orientation=&#8221;center&#8221; custom_margin=&#8221;||||false|false&#8221; custom_padding=&#8221;||||false|false&#8221; custom_padding_tablet=&#8221;|5vw||5vw|true|true&#8221; custom_padding_phone=&#8221;2vw|5vw|2vw|5vw|true|true&#8221; custom_padding_last_edited=&#8221;on|tablet&#8221; animation_style=&#8221;slide&#8221; text_line_height_last_edited=&#8221;off|desktop&#8221; border_color_all=&#8221;#000000&#8243;]<\/p>\n<p style=\"font-weight: 400;\">Por eso, nuestro objetivo es invitar a<span>\u00a0<\/span><strong>creadores, trabajadores y emprendedores creativos<\/strong><span>\u00a0<\/span>a iniciar y fortalecer sus emprendimientos creativos, a trav\u00e9s de cuatro secciones de aprendizaje: \u201cProtecci\u00f3n de la Creaci\u00f3n\u201d, \u201cEmprender Formalmente\u201d, \u201cInternalizaci\u00f3n de Servicios Creativos\u201d e \u201cInternalizaci\u00f3n de Bienes Creativos\u201d.<\/p>\n<p style=\"font-weight: 400; text-align: center;\">En cada secci\u00f3n encontrar\u00e1s<span>\u00a0<\/span><strong>informaci\u00f3n clave, recursos interactivos y materiales did\u00e1cticos<\/strong><span>\u00a0<\/span>que te permitir\u00e1n comenzar, fortalecer o transformar tu camino en la Industria Creativa. <strong>\u00a1Bienvenidos!<\/strong><\/p>\n<p>[\/et_pb_text][\/et_pb_column][\/et_pb_row][\/et_pb_section][et_pb_section fb_built=&#8221;1&#8243; _builder_version=&#8221;4.2.2&#8243; background_enable_color=&#8221;off&#8221; custom_padding=&#8221;0vw||0vw||false|false&#8221; custom_padding_tablet=&#8221;||3vw||false|false&#8221; custom_padding_phone=&#8221;||3vw||false|false&#8221; bottom_divider_height=&#8221;87px&#8221; bottom_divider_flip=&#8221;horizontal&#8221; border_style_all=&#8221;none&#8221; locked=&#8221;off&#8221;][et_pb_row _builder_version=&#8221;4.2.2&#8243; background_enable_color=&#8221;off&#8221; module_alignment=&#8221;center&#8221; custom_margin=&#8221;||||false|false&#8221; custom_padding=&#8221;||||false|false&#8221; locked=&#8221;off&#8221;][et_pb_column type=&#8221;4_4&#8243; _builder_version=&#8221;4.0.7&#8243; custom_padding=&#8221;||||false|false&#8221; custom_padding_tablet=&#8221;|||5vw|false|false&#8221; custom_padding_phone=&#8221;|||5vw|false|false&#8221; custom_padding_last_edited=&#8221;on|tablet&#8221;][et_pb_text module_id=&#8221;constituir&#8221; module_class=&#8221;arrow_box&#8221; _builder_version=&#8221;4.3.2&#8243; text_font=&#8221;|700||on|||||&#8221; text_text_color=&#8221;#57bcb3&#8243; text_font_size=&#8221;20px&#8221; text_line_height=&#8221;1em&#8221; transform_translate_linked=&#8221;off&#8221; custom_margin=&#8221;||||false|false&#8221; custom_margin_tablet=&#8221;||||false|false&#8221; custom_margin_phone=&#8221;||||false|false&#8221; custom_margin_last_edited=&#8221;on|tablet&#8221; animation_direction=&#8221;right&#8221; custom_css_main_element=&#8221;padding: .5rem;||display: inline-block;&#8221; border_color_all=&#8221;#57bcb3&#8243; locked=&#8221;off&#8221; custom_padding__hover_enabled=&#8221;on|hover&#8221; custom_padding__hover_tablet=&#8221;3vw||||false|false&#8221; custom_padding__hover=&#8221;||||false|false&#8221;]<\/p>\n<p>\u00bfDE QU\u00c9 SE TRATA CADA SECCI\u00d3N Y MANUAL?<\/p>\n<p>[\/et_pb_text][\/et_pb_column][\/et_pb_row][et_pb_row column_structure=&#8221;1_2,1_2&#8243; make_equal=&#8221;on&#8221; _builder_version=&#8221;4.3.2&#8243; custom_margin=&#8221;||||false|false&#8221; custom_padding=&#8221;||||false|false&#8221; hover_enabled=&#8221;0&#8243; background_color=&#8221;rgba(0,0,0,0)&#8221;][et_pb_column type=&#8221;1_2&#8243; _builder_version=&#8221;4.2.2&#8243; custom_padding=&#8221;||||false|false&#8221;][et_pb_slider use_bg_overlay=&#8221;off&#8221; use_text_overlay=&#8221;off&#8221; _builder_version=&#8221;4.3.2&#8243; body_font_size=&#8221;16px&#8221; animation_style=&#8221;fade&#8221; link_option_url=&#8221;https:\/\/cursosec.unit.la\/index.php\/proteccion-de-la-creacion-contenido-00\/&#8221; box_shadow_style=&#8221;preset3&#8243;][et_pb_slide button_link=&#8221;https:\/\/cursosec.unit.la\/index.php\/proteccion-de-la-creacion-contenido-00\/&#8221; url_new_window=&#8221;on&#8221; _builder_version=&#8221;4.2.2&#8243; header_font=&#8221;Cabin Sketch|||on|||||&#8221; header_font_size=&#8221;25px&#8221; body_text_align=&#8221;justify&#8221; background_color=&#8221;#d97a07&#8243; background_enable_color=&#8221;on&#8221; background_image=&#8221;https:\/\/cursosec.unit.la\/wp-content\/uploads\/2020\/01\/BOTONES-HOME-PC.png&#8221; background_enable_image=&#8221;on&#8221;][\/et_pb_slide][\/et_pb_slider][\/et_pb_column][et_pb_column type=&#8221;1_2&#8243; _builder_version=&#8221;4.3.2&#8243; custom_padding=&#8221;||||false|false&#8221; hover_enabled=&#8221;0&#8243; background_color=&#8221;rgba(0,0,0,0)&#8221;][et_pb_text disabled_on=&#8221;off|off|off&#8221; _builder_version=&#8221;4.3.2&#8243; text_font=&#8221;|300|||||||&#8221; text_font_size=&#8221;16px&#8221; ul_font=&#8221;||||||||&#8221; background_enable_color=&#8221;off&#8221; custom_margin=&#8221;||||true|true&#8221; custom_padding=&#8221;39px||39px||true|true&#8221; custom_padding_tablet=&#8221;0px|5vw|0px|5vw|true|true&#8221; custom_padding_phone=&#8221;&#8221; custom_padding_last_edited=&#8221;on|desktop&#8221; animation_style=&#8221;slide&#8221; hover_enabled=&#8221;0&#8243; text_line_height_last_edited=&#8221;off|desktop&#8221; border_color_all=&#8221;#000000&#8243; locked=&#8221;off&#8221; width=&#8221;100%&#8221;]<\/p>\n<p>Aborda c\u00f3mo opera la gesti\u00f3n de los derechos de autor, informando acerca de los principales conceptos y temas necesarios de manejar para que los artistas puedan resguardar sus creaciones.<\/p>\n<p>[\/et_pb_text][\/et_pb_column][\/et_pb_row][et_pb_row column_structure=&#8221;1_2,1_2&#8243; make_equal=&#8221;on&#8221; _builder_version=&#8221;4.2.2&#8243; background_enable_color=&#8221;off&#8221; custom_margin=&#8221;||||false|false&#8221; custom_padding=&#8221;||||false|false&#8221;][et_pb_column type=&#8221;1_2&#8243; _builder_version=&#8221;4.2.2&#8243; custom_padding=&#8221;||||false|false&#8221;][et_pb_slider use_bg_overlay=&#8221;off&#8221; use_text_overlay=&#8221;off&#8221; _builder_version=&#8221;4.3.2&#8243; body_font_size=&#8221;16px&#8221; animation_style=&#8221;fade&#8221; link_option_url=&#8221;https:\/\/cursosec.unit.la\/index.php\/g2-contenido-00-emprender-formalmente\/&#8221; box_shadow_style=&#8221;preset3&#8243;][et_pb_slide url_new_window=&#8221;on&#8221; _builder_version=&#8221;4.2.2&#8243; header_font=&#8221;Cabin Sketch|||on|||||&#8221; header_font_size=&#8221;25px&#8221; body_text_align=&#8221;justify&#8221; background_color=&#8221;#000000&#8243; background_enable_color=&#8221;on&#8221; background_image=&#8221;https:\/\/cursosec.unit.la\/wp-content\/uploads\/2020\/01\/BOTONES-HOME-EF.png&#8221; background_enable_image=&#8221;on&#8221;][\/et_pb_slide][\/et_pb_slider][\/et_pb_column][et_pb_column type=&#8221;1_2&#8243; _builder_version=&#8221;4.0.7&#8243; custom_padding=&#8221;||||false|false&#8221;][et_pb_text disabled_on=&#8221;off|off|off&#8221; _builder_version=&#8221;4.3.2&#8243; text_font=&#8221;|300|||||||&#8221; text_font_size=&#8221;16px&#8221; ul_font=&#8221;||||||||&#8221; background_enable_color=&#8221;off&#8221; custom_margin=&#8221;||||true|true&#8221; custom_padding=&#8221;11px||11px||true|true&#8221; custom_padding_tablet=&#8221;0px|5vw|0px|5vw|true|true&#8221; custom_padding_phone=&#8221;&#8221; custom_padding_last_edited=&#8221;on|phone&#8221; animation_style=&#8221;slide&#8221; hover_enabled=&#8221;0&#8243; text_line_height_last_edited=&#8221;off|desktop&#8221; border_color_all=&#8221;#000000&#8243; locked=&#8221;off&#8221;]<\/p>\n<p><l>Busca fomentar la formalizaci\u00f3n de los emprendedores del sector creativo. Se definen conceptos b\u00e1sicos para llevar a cabo emprendimientos y se describen los pasos y beneficios de la formalizaci\u00f3n, entregando una gu\u00eda pr\u00e1ctica para los potenciales emprendedores.<\/l><\/p>\n<p>[\/et_pb_text][\/et_pb_column][\/et_pb_row][et_pb_row column_structure=&#8221;1_2,1_2&#8243; make_equal=&#8221;on&#8221; _builder_version=&#8221;4.2.2&#8243; background_enable_color=&#8221;off&#8221; custom_margin=&#8221;||||false|false&#8221; custom_padding=&#8221;||||false|false&#8221;][et_pb_column type=&#8221;1_2&#8243; _builder_version=&#8221;4.2.2&#8243; custom_padding=&#8221;||||false|false&#8221;][et_pb_slider _builder_version=&#8221;4.3.2&#8243; header_font=&#8221;Cabin Sketch|||on|||||&#8221; header_font_size=&#8221;40px&#8221; body_text_align=&#8221;justify&#8221; background_color=&#8221;#ffffff&#8221; background_image=&#8221;https:\/\/cursosec.unit.la\/wp-content\/uploads\/2020\/01\/BOTONES-HOME-IS.png&#8221; custom_margin_tablet=&#8221;&#8221; custom_margin_phone=&#8221;||||false|true&#8221; custom_margin_last_edited=&#8221;on|phone&#8221; custom_padding=&#8221;|3vw||3vw|false|true&#8221; link_option_url=&#8221;https:\/\/cursosec.unit.la\/index.php\/servicios-creativos-contenido-01\/&#8221; box_shadow_style=&#8221;preset3&#8243;][et_pb_slide url_new_window=&#8221;on&#8221; _builder_version=&#8221;4.2.2&#8243; header_font_size=&#8221;25px&#8221; background_color=&#8221;#F23E2E&#8221; background_enable_color=&#8221;on&#8221; width_tablet=&#8221;&#8221; width_phone=&#8221;&#8221; width_last_edited=&#8221;on|desktop&#8221;][\/et_pb_slide][\/et_pb_slider][\/et_pb_column][et_pb_column type=&#8221;1_2&#8243; _builder_version=&#8221;4.0.7&#8243; custom_padding=&#8221;||||false|false&#8221;][et_pb_text disabled_on=&#8221;off|off|off&#8221; _builder_version=&#8221;4.3.2&#8243; text_font=&#8221;|300|||||||&#8221; text_font_size=&#8221;16px&#8221; ul_font=&#8221;||||||||&#8221; background_enable_color=&#8221;off&#8221; custom_margin=&#8221;||||true|true&#8221; custom_padding=&#8221;24px||24px||true|true&#8221; custom_padding_tablet=&#8221;0px|5vw|0px|5vw|true|true&#8221; custom_padding_phone=&#8221;&#8221; custom_padding_last_edited=&#8221;on|tablet&#8221; animation_style=&#8221;slide&#8221; hover_enabled=&#8221;0&#8243; text_line_height_last_edited=&#8221;off|desktop&#8221; border_color_all=&#8221;#000000&#8243; locked=&#8221;off&#8221;]<\/p>\n<p><l>Busca guiar los procesos de internacionalizaci\u00f3n de bienes de los sectores de Artes Visuales, Dise\u00f1o y Artesan\u00eda. Es una gu\u00eda pr\u00e1ctica para la salida de bienes del pa\u00eds, describiendo los procesos, pasos y tr\u00e1mites necesarios para la internacionalizaci\u00f3n.<\/l><\/p>\n<p>[\/et_pb_text][\/et_pb_column][\/et_pb_row][et_pb_row column_structure=&#8221;1_2,1_2&#8243; make_equal=&#8221;on&#8221; _builder_version=&#8221;4.2.2&#8243; background_enable_color=&#8221;off&#8221; custom_margin=&#8221;||||false|false&#8221; custom_padding=&#8221;||||false|false&#8221;][et_pb_column type=&#8221;1_2&#8243; _builder_version=&#8221;4.2.2&#8243; custom_padding=&#8221;||||false|false&#8221;][et_pb_slider use_bg_overlay=&#8221;off&#8221; use_text_overlay=&#8221;off&#8221; _builder_version=&#8221;4.3.2&#8243; body_font_size=&#8221;16px&#8221; animation_style=&#8221;fade&#8221; link_option_url=&#8221;https:\/\/cursosec.unit.la\/index.php\/g3-contenido-00-bienes-creativos\/&#8221; box_shadow_style=&#8221;preset3&#8243;][et_pb_slide url_new_window=&#8221;on&#8221; _builder_version=&#8221;4.2.2&#8243; header_font=&#8221;Cabin Sketch|||on|||||&#8221; header_font_size=&#8221;25px&#8221; background_color=&#8221;#54bfbf&#8221; background_enable_color=&#8221;on&#8221; background_image=&#8221;https:\/\/cursosec.unit.la\/wp-content\/uploads\/2020\/01\/BOTONES-HOME-IB.png&#8221; background_enable_image=&#8221;on&#8221;][\/et_pb_slide][\/et_pb_slider][\/et_pb_column][et_pb_column type=&#8221;1_2&#8243; _builder_version=&#8221;4.0.7&#8243; custom_padding=&#8221;||||false|false&#8221;][et_pb_text disabled_on=&#8221;off|off|off&#8221; _builder_version=&#8221;4.3.2&#8243; text_font=&#8221;|300|||||||&#8221; text_font_size=&#8221;16px&#8221; ul_font=&#8221;||||||||&#8221; background_enable_color=&#8221;off&#8221; custom_margin=&#8221;||||true|true&#8221; custom_padding=&#8221;12px||12px||true|true&#8221; custom_padding_tablet=&#8221;0px|5vw|0px|5vw|true|true&#8221; custom_padding_phone=&#8221;&#8221; custom_padding_last_edited=&#8221;on|tablet&#8221; animation_style=&#8221;slide&#8221; hover_enabled=&#8221;0&#8243; text_line_height_last_edited=&#8221;off|desktop&#8221; border_color_all=&#8221;#000000&#8243; locked=&#8221;off&#8221;]<\/p>\n<p><l>Su objetivo es orientar\u00a0a los agentes culturales respecto del marco normativo y tributario para la exportaci\u00f3n de servicios creativos, con el fin de potenciar la internacionalizaci\u00f3n del sector. Est\u00e1\u00a0orientado\u00a0particularmente a los sectores de audiovisual, m\u00fasica, editorial, arquitectura, dise\u00f1o y artes esc\u00e9nicas.<\/l><\/p>\n<p>[\/et_pb_text][\/et_pb_column][\/et_pb_row][\/et_pb_section][et_pb_section fb_built=&#8221;1&#8243; disabled_on=&#8221;on|on|on&#8221; module_class=&#8221;ds-carousel-section&#8221; _builder_version=&#8221;3.29.3&#8243; background_color=&#8221;#ffffff&#8221; custom_padding=&#8221;0vw||0vw||false|&#8221; top_divider_color=&#8221;#edf000&#8243; top_divider_height=&#8221;0px&#8221; border_style_all=&#8221;none&#8221; disabled=&#8221;on&#8221;][et_pb_row _builder_version=&#8221;4.0.7&#8243; background_enable_color=&#8221;off&#8221; width=&#8221;100%&#8221; module_alignment=&#8221;center&#8221; custom_margin=&#8221;||||false|false&#8221; custom_padding=&#8221;||||false|false&#8221;][et_pb_column type=&#8221;4_4&#8243; _builder_version=&#8221;4.0.7&#8243; custom_padding=&#8221;||||false|false&#8221; custom_padding_tablet=&#8221;|||5vw|false|false&#8221; custom_padding_phone=&#8221;|||5vw|false|false&#8221; custom_padding_last_edited=&#8221;on|tablet&#8221;][et_pb_text module_id=&#8221;constituir&#8221; module_class=&#8221;arrow_box&#8221; _builder_version=&#8221;4.0.9&#8243; text_font=&#8221;|700||on|||||&#8221; text_text_color=&#8221;#57bcb3&#8243; text_font_size=&#8221;20px&#8221; text_line_height=&#8221;1em&#8221; transform_translate_linked=&#8221;off&#8221; custom_margin=&#8221;||3vw||false|false&#8221; custom_margin_tablet=&#8221;||5vw||false|false&#8221; custom_margin_phone=&#8221;||7vw||false|false&#8221; custom_margin_last_edited=&#8221;on|phone&#8221; animation_direction=&#8221;right&#8221; custom_css_main_element=&#8221;padding: .5rem;||display: inline-block;&#8221; border_color_all=&#8221;#57bcb3&#8243; locked=&#8221;off&#8221; custom_padding__hover_enabled=&#8221;on|hover&#8221; custom_padding__hover_tablet=&#8221;3vw||||false|false&#8221; custom_padding__hover=&#8221;||||false|false&#8221;]<\/p>\n<p>Enlaces de inter\u00e9s<\/p>\n<p>[\/et_pb_text][\/et_pb_column][\/et_pb_row][et_pb_row module_class=&#8221;ds-carousel-row&#8221; _builder_version=&#8221;4.0.5&#8243; custom_padding=&#8221;||2px|||&#8221; locked=&#8221;off&#8221;][et_pb_column type=&#8221;4_4&#8243; _builder_version=&#8221;3.29.3&#8243;][et_pb_image src=&#8221;http:\/\/159.65.78.84\/wp_mcap\/wp-content\/uploads\/2019\/09\/chilecreativologo.png&#8221; url=&#8221;https:\/\/chilecreativo.cl\/&#8221; url_new_window=&#8221;on&#8221; align=&#8221;center&#8221; module_class=&#8221;ds-carousel-module&#8221; _builder_version=&#8221;3.29.3&#8243;][\/et_pb_image][et_pb_image src=&#8221;https:\/\/cursosec.unit.la\/wp-content\/uploads\/2019\/11\/chec.png&#8221; url=&#8221;https:\/\/www.mercadochec.cl\/&#8221; url_new_window=&#8221;on&#8221; align=&#8221;center&#8221; module_class=&#8221;ds-carousel-module&#8221; _builder_version=&#8221;4.0.5&#8243;][\/et_pb_image][et_pb_image src=&#8221;https:\/\/cursosec.unit.la\/wp-content\/uploads\/2019\/11\/CHILE_MUNDO_DE_SERVICIOS.png&#8221; url=&#8221;https:\/\/chileservicios.com\/&#8221; url_new_window=&#8221;on&#8221; align=&#8221;center&#8221; module_class=&#8221;ds-carousel-module&#8221; _builder_version=&#8221;4.0.5&#8243;][\/et_pb_image][et_pb_image src=&#8221;https:\/\/cursosec.unit.la\/wp-content\/uploads\/2019\/11\/CHILE_CULTURA-1.png&#8221; url=&#8221;https:\/\/eligecultura.gob.cl\/&#8221; url_new_window=&#8221;on&#8221; align=&#8221;center&#8221; module_class=&#8221;ds-carousel-module&#8221; _builder_version=&#8221;4.0.5&#8243; module_alignment=&#8221;center&#8221; custom_margin=&#8221;||||false|false&#8221; custom_padding=&#8221;||||false|false&#8221;][\/et_pb_image][\/et_pb_column][\/et_pb_row][\/et_pb_section][et_pb_section fb_built=&#8221;1&#8243; disabled_on=&#8221;on|on|on&#8221; _builder_version=&#8221;3.29.3&#8243; background_color=&#8221;#ffffff&#8221; custom_padding=&#8221;0vw||5vw||false|false&#8221; bottom_divider_height=&#8221;95px&#8221; bottom_divider_flip=&#8221;vertical|horizontal&#8221; border_color_all=&#8221;rgba(0,0,0,0)&#8221; border_style_all=&#8221;none&#8221; disabled=&#8221;on&#8221;][et_pb_row column_structure=&#8221;1_2,1_2&#8243; module_id=&#8221;ds-arrow-row&#8221; _builder_version=&#8221;3.29.3&#8243; custom_padding=&#8221;||0vw||false|false&#8221;][et_pb_column type=&#8221;1_2&#8243; _builder_version=&#8221;3.29.3&#8243;][et_pb_text _builder_version=&#8221;3.29.3&#8243; text_font=&#8221;||||||||&#8221; header_font=&#8221;ElegantIcons||||||||&#8221;]<\/p>\n<p><input id=\"ds-arrow-left\" type=\"button\" value=\"8\" \/><\/p>\n<p>[\/et_pb_text][\/et_pb_column][et_pb_column type=&#8221;1_2&#8243; _builder_version=&#8221;3.29.3&#8243;][et_pb_text _builder_version=&#8221;3.29.3&#8243;]<input id=\"ds-arrow-right\" type=\"button\" value=\"9\">[\/et_pb_text][\/et_pb_column][\/et_pb_row][\/et_pb_section]<\/p>\n","protected":false},"excerpt":{"rendered":"<p>[et_pb_section fb_built=&#8221;1&#8243; custom_padding_last_edited=&#8221;on|desktop&#8221; _builder_version=&#8221;4.2.2&#8243; background_color=&#8221;#58bdb3&#8243; background_color_gradient_direction=&#8221;28deg&#8221; background_enable_image=&#8221;off&#8221; background_size=&#8221;contain&#8221; background_position=&#8221;bottom_center&#8221; custom_padding=&#8221;0vw||0vw||false|false&#8221; custom_padding_tablet=&#8221;0vw||0vw||false|false&#8221; custom_padding_phone=&#8221;0px||0vw||false|false&#8221; top_divider_color=&#8221;rgba(255,255,255,0.13)&#8221; bottom_divider_color=&#8221;#ffffff&#8221; border_style_all=&#8221;none&#8221; locked=&#8221;off&#8221;][et_pb_row _builder_version=&#8221;4.0.9&#8243; custom_padding=&#8221;0px||0px||false|false&#8221;][et_pb_column type=&#8221;4_4&#8243; _builder_version=&#8221;4.0.9&#8243;][dsm_perspective_image force_fullwidth=&#8221;on&#8221; _builder_version=&#8221;4.3.2&#8243;][\/dsm_perspective_image][et_pb_image src=&#8221;https:\/\/cursosec.unit.la\/wp-content\/uploads\/2020\/03\/Banner_homev2.png&#8221; align=&#8221;center&#8221; _builder_version=&#8221;4.3.2&#8243; custom_margin=&#8221;-37px|||||&#8221;][\/et_pb_image][\/et_pb_column][\/et_pb_row][\/et_pb_section][et_pb_section fb_built=&#8221;1&#8243; custom_padding_last_edited=&#8221;on|desktop&#8221; _builder_version=&#8221;4.2.2&#8243; background_color=&#8221;#f2f2f2&#8243; custom_padding=&#8221;0vw||0vw||false|false&#8221; custom_padding_tablet=&#8221;||3vw||false|false&#8221; custom_padding_phone=&#8221;||3vw||false|false&#8221; border_style_all=&#8221;none&#8221;][et_pb_row make_equal=&#8221;on&#8221; disabled_on=&#8221;off|off|off&#8221; _builder_version=&#8221;4.2.2&#8243; background_color=&#8221;#f2f2f2&#8243; custom_margin_tablet=&#8221;&#8221; custom_margin_phone=&#8221;||||false|true&#8221; custom_margin_last_edited=&#8221;on|phone&#8221; custom_padding=&#8221;|0vw||0vw|false|true&#8221;][et_pb_column type=&#8221;4_4&#8243; _builder_version=&#8221;4.0.6&#8243;][et_pb_text _builder_version=&#8221;4.3.2&#8243; text_font=&#8221;Roboto Slab|300|||||||&#8221; text_font_size=&#8221;20px&#8221; text_line_height=&#8221;1.8em&#8221; ul_font=&#8221;||||||||&#8221; background_enable_color=&#8221;off&#8221; text_orientation=&#8221;center&#8221; custom_margin=&#8221;||||false|false&#8221; custom_padding=&#8221;||||false|false&#8221; custom_padding_tablet=&#8221;|5vw||5vw|true|true&#8221; [&hellip;]<\/p>\n","protected":false},"author":1,"featured_media":0,"parent":0,"menu_order":0,"comment_status":"closed","ping_status":"closed","template":"","meta":{"_et_pb_use_builder":"on","_et_pb_old_content":"","_et_gb_content_width":""},"_links":{"self":[{"href":"https:\/\/cursosec.unit.la\/index.php\/wp-json\/wp\/v2\/pages\/47243"}],"collection":[{"href":"https:\/\/cursosec.unit.la\/index.php\/wp-json\/wp\/v2\/pages"}],"about":[{"href":"https:\/\/cursosec.unit.la\/index.php\/wp-json\/wp\/v2\/types\/page"}],"author":[{"embeddable":true,"href":"https:\/\/cursosec.unit.la\/index.php\/wp-json\/wp\/v2\/users\/1"}],"replies":[{"embeddable":true,"href":"https:\/\/cursosec.unit.la\/index.php\/wp-json\/wp\/v2\/comments?post=47243"}],"version-history":[{"count":35,"href":"https:\/\/cursosec.unit.la\/index.php\/wp-json\/wp\/v2\/pages\/47243\/revisions"}],"predecessor-version":[{"id":55877,"href":"https:\/\/cursosec.unit.la\/index.php\/wp-json\/wp\/v2\/pages\/47243\/revisions\/55877"}],"wp:attachment":[{"href":"https:\/\/cursosec.unit.la\/index.php\/wp-json\/wp\/v2\/media?parent=47243"}],"curies":[{"name":"wp","href":"https:\/\/api.w.org\/{rel}","templated":true}]}}